{"id":505,"date":"2021-01-20T11:39:50","date_gmt":"2021-01-20T10:39:50","guid":{"rendered":"https:\/\/cadwork.de\/?page_id=505"},"modified":"2022-07-27T14:47:22","modified_gmt":"2022-07-27T12:47:22","slug":"loesungen","status":"publish","type":"page","link":"https:\/\/cadwork.de\/es\/loesungen\/","title":{"rendered":"L\u00f6sungen"},"content":{"rendered":"<p><div class=\"fusion-fullwidth fullwidth-box fusion-builder-row-1 fusion-flex-container fusion-parallax-none nonhundred-percent-fullwidth non-hundred-percent-height-scrolling whitefont bighead\" style=\"--awb-border-radius-top-left:0px;--awb-border-radius-top-right:0px;--awb-border-radius-bottom-right:0px;--awb-border-radius-bottom-left:0px;--awb-background-color:#000000;--awb-background-image:url(&quot;https:\/\/cadwork.de\/wp-content\/uploads\/2022\/07\/cad-head-hell-60p.png&quot;);--awb-background-size:cover;--awb-flex-wrap:wrap;\" ><div class=\"fusion-builder-row fusion-row fusion-flex-align-items-center fusion-flex-justify-content-center fusion-flex-content-wrap\" style=\"max-width:1248px;margin-left: calc(-4% \/ 2 );margin-right: calc(-4% \/ 2 );\"><div class=\"fusion-layout-column fusion_builder_column fusion-builder-column-0 fusion_builder_column_1_1 1_1 fusion-flex-column\" style=\"--awb-bg-size:cover;--awb-width-large:100%;--awb-margin-top-large:0px;--awb-spacing-right-large:1.92%;--awb-margin-bottom-large:0px;--awb-spacing-left-large:1.92%;--awb-width-medium:100%;--awb-spacing-right-medium:1.92%;--awb-spacing-left-medium:1.92%;--awb-width-small:100%;--awb-spacing-right-small:1.92%;--awb-spacing-left-small:1.92%;\"><div class=\"fusion-column-wrapper fusion-flex-justify-content-flex-start fusion-content-layout-column\"><div class=\"fusion-text fusion-text-1\"><h1 style=\"text-align: center;\">Sie haben die Aufgaben,<br \/>\nwir haben die L\u00f6sung.<\/h1>\n<\/div><\/div><\/div><\/div><\/div><div class=\"fusion-fullwidth fullwidth-box fusion-builder-row-2 fusion-flex-container nonhundred-percent-fullwidth non-hundred-percent-height-scrolling\" style=\"--awb-background-blend-mode:screen;--awb-border-radius-top-left:0px;--awb-border-radius-top-right:0px;--awb-border-radius-bottom-right:0px;--awb-border-radius-bottom-left:0px;--awb-padding-top:70px;--awb-padding-bottom:40px;--awb-background-image:linear-gradient(180deg, rgba(204,222,229,0.4) 0%,rgba(255,255,255,0) 20%);--awb-flex-wrap:wrap;\" ><div class=\"fusion-builder-row fusion-row fusion-flex-align-items-flex-start fusion-flex-content-wrap\" style=\"max-width:1248px;margin-left: calc(-4% \/ 2 );margin-right: calc(-4% \/ 2 );\"><div class=\"fusion-layout-column fusion_builder_column fusion-builder-column-1 fusion_builder_column_1_4 1_4 fusion-flex-column\" style=\"--awb-bg-size:cover;--awb-width-large:25%;--awb-margin-top-large:0px;--awb-spacing-right-large:7.68%;--awb-margin-bottom-large:20px;--awb-spacing-left-large:7.68%;--awb-width-medium:25%;--awb-order-medium:0;--awb-spacing-right-medium:7.68%;--awb-spacing-left-medium:7.68%;--awb-width-small:100%;--awb-order-small:0;--awb-spacing-right-small:1.92%;--awb-spacing-left-small:1.92%;\"><div class=\"fusion-column-wrapper fusion-column-has-shadow fusion-flex-justify-content-flex-start fusion-content-layout-column\"><div class=\"fusion-image-element \" style=\"--awb-caption-title-font-family:var(--h2_typography-font-family);--awb-caption-title-font-weight:var(--h2_typography-font-weight);--awb-caption-title-font-style:var(--h2_typography-font-style);--awb-caption-title-size:var(--h2_typography-font-size);--awb-caption-title-transform:var(--h2_typography-text-transform);--awb-caption-title-line-height:var(--h2_typography-line-height);--awb-caption-title-letter-spacing:var(--h2_typography-letter-spacing);\"><span class=\" fusion-imageframe imageframe-none imageframe-1 hover-type-none\"><img decoding=\"async\" width=\"300\" height=\"336\" title=\"Elementbau_01\" src=\"https:\/\/cadwork.de\/wp-content\/uploads\/2021\/01\/Elementbau_01.gif\" alt class=\"img-responsive wp-image-8657\"\/><\/span><\/div><\/div><\/div><div class=\"fusion-layout-column fusion_builder_column fusion-builder-column-2 fusion_builder_column_3_4 3_4 fusion-flex-column\" style=\"--awb-padding-top:0px;--awb-padding-bottom:0px;--awb-bg-size:cover;--awb-width-large:75%;--awb-margin-top-large:0px;--awb-spacing-right-large:2.56%;--awb-margin-bottom-large:20px;--awb-spacing-left-large:2.56%;--awb-width-medium:75%;--awb-order-medium:0;--awb-spacing-right-medium:2.56%;--awb-spacing-left-medium:2.56%;--awb-width-small:100%;--awb-order-small:0;--awb-spacing-right-small:1.92%;--awb-spacing-left-small:1.92%;\"><div class=\"fusion-column-wrapper fusion-column-has-shadow fusion-flex-justify-content-flex-start fusion-content-layout-column\"><div class=\"fusion-title title fusion-title-1 fusion-sep-none fusion-title-text fusion-title-size-div\" style=\"--awb-text-color:#1f3c90;--awb-font-size:24px;\"><div class=\"fusion-title-heading title-heading-left title-heading-tag fusion-responsive-typography-calculated\" style=\"margin:0;font-size:1em;--fontSize:24;line-height:1.4;\"><h6>cadwork deckt von der Planung, \u00fcber die Konstruktion bis zur Fertigung s\u00e4mtliche Bereiche des Holzbaus, des Innenausbaus und des M\u00f6belbaus ab. Einfache Handhabung, vollst\u00e4ndige Konstruktionen, aussagekr\u00e4ftige Pl\u00e4ne, komplette Listen und die Ausgabe aller Daten f\u00fcr die maschinelle Fertigung bringen Ihnen die entscheidenden Wettbewerbsvorteile.<\/h6>\n<h6>Auch Stahl-, Massiv- oder Mischkonstruktionen k\u00f6nnen Sie mit cadwork vollst\u00e4ndig bearbeiten. Teure Speziall\u00f6sungen ben\u00f6tigen Sie dazu keine.<\/h6><\/div><\/div><\/div><\/div><\/div><\/div><div class=\"fusion-fullwidth fullwidth-box fusion-builder-row-3 fusion-flex-container nonhundred-percent-fullwidth non-hundred-percent-height-scrolling\" style=\"--awb-background-blend-mode:screen;--awb-border-radius-top-left:0px;--awb-border-radius-top-right:0px;--awb-border-radius-bottom-right:0px;--awb-border-radius-bottom-left:0px;--awb-padding-top:70px;--awb-padding-bottom:40px;--awb-background-image:linear-gradient(180deg, rgba(204,222,229,0.4) 0%,rgba(255,255,255,0) 20%);--awb-flex-wrap:wrap;\" ><div class=\"fusion-builder-row fusion-row fusion-flex-align-items-flex-start fusion-flex-content-wrap\" style=\"max-width:1248px;margin-left: calc(-4% \/ 2 );margin-right: calc(-4% \/ 2 );\"><div class=\"fusion-layout-column fusion_builder_column fusion-builder-column-3 fusion_builder_column_3_4 3_4 fusion-flex-column\" style=\"--awb-padding-top:0px;--awb-padding-bottom:0px;--awb-bg-size:cover;--awb-width-large:75%;--awb-margin-top-large:0px;--awb-spacing-right-large:2.56%;--awb-margin-bottom-large:20px;--awb-spacing-left-large:2.56%;--awb-width-medium:75%;--awb-order-medium:0;--awb-spacing-right-medium:2.56%;--awb-spacing-left-medium:2.56%;--awb-width-small:100%;--awb-order-small:0;--awb-spacing-right-small:1.92%;--awb-spacing-left-small:1.92%;\"><div class=\"fusion-column-wrapper fusion-column-has-shadow fusion-flex-justify-content-flex-start fusion-content-layout-column\"><div class=\"fusion-text fusion-text-2\"><div class=\"spaltel\">\n<div>\n<h2>Ma\u00dfgeschneiderte L\u00f6sungen im Paket<\/h2>\n<p>Angepasst an das umfangreiche und sehr vielf\u00e4ltige Aufgabengebiet des Holzbauers bieten wir mit dem g\u00fcnstigen <strong>cadwork Holzbaupaket<\/strong> eine vollst\u00e4ndige L\u00f6sung an, die durchg\u00e4ngiges Arbeiten sehr einfach macht. Von der uneingeschr\u00e4nkten freien Konstruktion \u00fcber die Listen- und Planausgabe, die Visualisierung f\u00fcr den Kunden bis hin zur problemlosen Zusammenarbeit mit anderen Fachplanern im Rahmen von BIM\/IFC bietet dieses Paket bereits alles, um in neue Dimensionen der Holzbauplanung einzusteigen.<\/p>\n<\/div>\n<div>\n<div><\/div>\n<div>\n<p>Im cadwork Holzbaupaket sind die Module cadwork 2D, cadwork 3D, die Listenausgabe, die manuelle und automatische Planerstellung, der Export von WebViewer-Dateien f\u00fcr die Visualisierung sowie die DXF\/DWG und die IFC-Schnittstelle enthalten. Alle erforderlichen Funktionalit\u00e4ten, um beliebige 3D-Konstruktionen zu 100% zu bearbeiten und aussagekr\u00e4ftige Pl\u00e4ne zu erstellen, stehen Ihnen zur Verf\u00fcgung.<\/p>\n<\/div>\n<\/div>\n<\/div>\n<div class=\"spalter\">\n<div>\n<div><\/div>\n<div>\n<p>Bei Projekten, f\u00fcr die ein noch h\u00f6herer Automatisierungsgrad erforderlich ist, kann das cadwork Holzbaupaket durch die Module cadwork Dachabbund, cadwork Elementbau, cadwork Treppe, cadwork Maschine Balkenbearbeitungszentrum, cadwork Maschine Plattenbearbeitungszentrum, cadwork Maschine Multifunktionsbr\u00fccke, cadwork Lamelle oder cadwork Variante erg\u00e4nzt werden.<\/p>\n<div>Erfahrungsgem\u00e4\u00df erweitert sich der T\u00e4tigkeitsbereich der cadwork Kunden durch die vielen neuen M\u00f6glichkeiten in der Konstruktion und der Planausgabe sehr schnell. cadwork verschafft Ihnen Unabh\u00e4ngigkeit und zus\u00e4tzlich bietet Ihnen das hervorragende Werkzeug die M\u00f6glichkeit in den vielen spannenden und lukrativen Nischen des Holzbaus erfolgreich t\u00e4tig zu werden. Sollten durch neue T\u00e4tigkeitsbereiche zuk\u00fcnftig auch die Spezialmodule interessant werden, dann kann das cadwork Holzbaupaket jederzeit um dieses Module erg\u00e4nzt werden. Wir beraten Sie sehr gerne zu den erg\u00e4nzenden Modulen, bieten Spezialschulungen an und schalten die Module auch gerne zum Testen frei.<\/div>\n<\/div>\n<\/div>\n<div>\n<div>\n<div><\/div>\n<\/div>\n<\/div>\n<\/div>\n<\/div><div class=\"fusion-text fusion-text-3\"><h4><strong>Hier finden Sie die zu Ihren Aufgaben passende L\u00f6sung.<\/strong><\/h4>\n<\/div><\/div><\/div><div class=\"fusion-layout-column fusion_builder_column fusion-builder-column-4 fusion_builder_column_1_4 1_4 fusion-flex-column\" style=\"--awb-padding-top:4%;--awb-padding-right:5%;--awb-padding-bottom:7%;--awb-padding-left:5%;--awb-bg-size:cover;--awb-width-large:25%;--awb-margin-top-large:0px;--awb-spacing-right-large:0px;--awb-margin-bottom-large:0px;--awb-spacing-left-large:0px;--awb-width-medium:25%;--awb-order-medium:0;--awb-spacing-right-medium:0px;--awb-spacing-left-medium:0px;--awb-width-small:100%;--awb-order-small:0;--awb-spacing-right-small:1.92%;--awb-spacing-left-small:1.92%;\"><div class=\"fusion-column-wrapper fusion-column-has-shadow fusion-flex-justify-content-flex-start fusion-content-layout-column\"><div class=\"fusion-text fusion-text-4\"><div class=\"wpb_text_column wpb_content_element \">\n<div class=\"wpb_wrapper\">\n<div class=\"wpb_wrapper\">\n<h4>L\u00f6sungen f\u00fcr jede Anforderung<\/h4>\n<\/div>\n<\/div>\n<\/div>\n<\/div><div class=\"fusion-builder-row fusion-builder-row-inner fusion-row fusion-flex-align-items-flex-start fusion-flex-content-wrap\" style=\"width:104% !important;max-width:104% !important;margin-left: calc(-4% \/ 2 );margin-right: calc(-4% \/ 2 );\"><div class=\"fusion-layout-column fusion_builder_column_inner fusion-builder-nested-column-0 fusion_builder_column_inner_1_1 1_1 fusion-flex-column\" style=\"--awb-padding-top:0px;--awb-bg-size:cover;--awb-width-large:100%;--awb-margin-top-large:0px;--awb-spacing-right-large:1.92%;--awb-margin-bottom-large:20px;--awb-spacing-left-large:1.92%;--awb-width-medium:100%;--awb-order-medium:0;--awb-spacing-right-medium:1.92%;--awb-spacing-left-medium:1.92%;--awb-width-small:100%;--awb-order-small:0;--awb-spacing-right-small:1.92%;--awb-spacing-left-small:1.92%;\"><div class=\"fusion-column-wrapper fusion-column-has-shadow fusion-flex-justify-content-flex-start fusion-content-layout-column\"><div ><a class=\"fusion-button button-flat fusion-button-default-size button-default fusion-button-default button-1 fusion-button-span-yes fusion-button-default-type\" style=\"--button_margin-bottom:10px;\" target=\"_self\" href=\"https:\/\/cadwork.de\/loesungen\/schueler-studierende-schulen-hochschulen\/\"><span class=\"fusion-button-text awb-button__text awb-button__text--default\">Ausbildung<\/span><\/a><\/div><div ><a class=\"fusion-button button-flat fusion-button-default-size button-default fusion-button-default button-2 fusion-button-span-yes fusion-button-default-type\" style=\"--button_margin-bottom:10px;\" target=\"_self\" href=\"https:\/\/cadwork.de\/loesungen\/holzbau-zimmerei\/\"><span class=\"fusion-button-text awb-button__text awb-button__text--default\">Holzbau \/ Zimmerei<\/span><\/a><\/div><div ><a class=\"fusion-button button-flat fusion-button-default-size button-default fusion-button-default button-3 fusion-button-span-yes fusion-button-default-type\" style=\"--button_margin-bottom:10px;\" target=\"_self\" href=\"https:\/\/cadwork.de\/loesungen\/ingenieurholzbau\/\"><span class=\"fusion-button-text awb-button__text awb-button__text--default\">Ingenieur Holzbau<\/span><\/a><\/div><div ><a class=\"fusion-button button-flat fusion-button-default-size button-default fusion-button-default button-4 fusion-button-span-yes fusion-button-default-type\" style=\"--button_margin-bottom:10px;\" target=\"_self\" href=\"https:\/\/cadwork.de\/loesungen\/abbundzentrum\/\"><span class=\"fusion-button-text awb-button__text awb-button__text--default\">Abbundzentrum<\/span><\/a><\/div><div ><a class=\"fusion-button button-flat fusion-button-default-size button-default fusion-button-default button-5 fusion-button-span-yes fusion-button-default-type\" style=\"--button_margin-bottom:10px;\" target=\"_self\" href=\"https:\/\/cadwork.de\/loesungen\/dachabbund\/\"><span class=\"fusion-button-text awb-button__text awb-button__text--default\">Dachabbund<\/span><\/a><\/div><div ><a class=\"fusion-button button-flat fusion-button-default-size button-default fusion-button-default button-6 fusion-button-span-yes fusion-button-default-type\" style=\"--button_margin-bottom:10px;\" target=\"_self\" href=\"https:\/\/cadwork.de\/loesungen\/architektur\/\"><span class=\"fusion-button-text awb-button__text awb-button__text--default\">Architektur<\/span><\/a><\/div><div ><a class=\"fusion-button button-flat fusion-button-default-size button-default fusion-button-default button-7 fusion-button-span-yes fusion-button-default-type\" style=\"--button_margin-bottom:10px;\" target=\"_self\" href=\"https:\/\/cadwork.de\/loesungen\/moebelbau\/\"><span class=\"fusion-button-text awb-button__text awb-button__text--default\">M\u00f6belbau<\/span><\/a><\/div><div ><a class=\"fusion-button button-flat fusion-button-default-size button-default fusion-button-default button-8 fusion-button-span-yes fusion-button-default-type\" style=\"--button_margin-bottom:10px;\" target=\"_self\" href=\"https:\/\/cadwork.de\/loesungen\/treppenbau\/\"><span class=\"fusion-button-text awb-button__text awb-button__text--default\">Treppenbau<\/span><\/a><\/div><div ><a class=\"fusion-button button-flat fusion-button-default-size button-default fusion-button-default button-9 fusion-button-span-yes fusion-button-default-type\" style=\"--button_margin-bottom:10px;\" target=\"_self\" href=\"https:\/\/cadwork.de\/loesungen\/wintergarten\/\"><span class=\"fusion-button-text awb-button__text awb-button__text--default\">Wintergarten<\/span><\/a><\/div><div ><a class=\"fusion-button button-flat fusion-button-default-size button-default fusion-button-default button-10 fusion-button-span-yes fusion-button-default-type\" style=\"--button_margin-bottom:10px;\" target=\"_self\" href=\"https:\/\/cadwork.de\/loesungen\/bauen-im-bestand\/\"><span class=\"fusion-button-text awb-button__text awb-button__text--default\">Bauen im Bestand<\/span><\/a><\/div><div ><a class=\"fusion-button button-flat fusion-button-default-size button-default fusion-button-default button-11 fusion-button-span-yes fusion-button-default-type\" style=\"--button_margin-bottom:10px;\" target=\"_self\" href=\"https:\/\/cadwork.de\/loesungen\/aufmass-absteckung\/\"><span class=\"fusion-button-text awb-button__text awb-button__text--default\">Aufma\u00df und Absteckung<\/span><\/a><\/div><div ><a class=\"fusion-button button-flat fusion-button-default-size button-default fusion-button-default button-12 fusion-button-span-yes fusion-button-default-type\" style=\"--button_margin-bottom:10px;\" target=\"_self\" href=\"https:\/\/cadwork.de\/loesungen\/schnittstellen\/\"><span class=\"fusion-button-text awb-button__text awb-button__text--default\">Schnittstellen<\/span><\/a><\/div><\/div><\/div><\/div><\/div><\/div><\/div><\/div><div class=\"fusion-bg-parallax\" data-bg-align=\"center center\" data-direction=\"down\" data-mute=\"false\" data-opacity=\"100\" data-velocity=\"-0.3\" data-mobile-enabled=\"false\" data-break_parents=\"0\" data-bg-image=\"https:\/\/cadwork.de\/wp-content\/uploads\/2020\/11\/cad-pattern-white.jpg\" data-bg-repeat=\"false\" data-blend-mode=\"screen\" ><\/div><div class=\"fusion-fullwidth fullwidth-box fusion-builder-row-4 fusion-flex-container fusion-parallax-down nonhundred-percent-fullwidth non-hundred-percent-height-scrolling\" style=\"--awb-background-blend-mode:screen;--awb-border-radius-top-left:0px;--awb-border-radius-top-right:0px;--awb-border-radius-bottom-right:0px;--awb-border-radius-bottom-left:0px;--awb-padding-top:4%;--awb-padding-bottom:4%;--awb-background-image:url(&quot;https:\/\/cadwork.de\/wp-content\/uploads\/2020\/11\/cad-pattern-white.jpg&quot;);--awb-background-size:cover;--awb-flex-wrap:wrap;\" ><div class=\"fusion-builder-row fusion-row fusion-flex-align-items-flex-start fusion-flex-content-wrap\" style=\"max-width:1248px;margin-left: calc(-4% \/ 2 );margin-right: calc(-4% \/ 2 );\"><div class=\"fusion-layout-column fusion_builder_column fusion-builder-column-5 fusion_builder_column_1_5 1_5 fusion-flex-column\" style=\"--awb-bg-size:cover;--awb-width-large:20%;--awb-margin-top-large:0px;--awb-spacing-right-large:9.6%;--awb-margin-bottom-large:20px;--awb-spacing-left-large:9.6%;--awb-width-medium:20%;--awb-order-medium:0;--awb-spacing-right-medium:9.6%;--awb-spacing-left-medium:9.6%;--awb-width-small:100%;--awb-order-small:0;--awb-spacing-right-small:1.92%;--awb-spacing-left-small:1.92%;\"><div class=\"fusion-column-wrapper fusion-column-has-shadow fusion-flex-justify-content-flex-start fusion-content-layout-column\"><\/div><\/div><div class=\"fusion-layout-column fusion_builder_column fusion-builder-column-6 fusion_builder_column_3_5 3_5 fusion-flex-column\" style=\"--awb-bg-size:cover;--awb-width-large:60%;--awb-margin-top-large:0px;--awb-spacing-right-large:3.2%;--awb-margin-bottom-large:20px;--awb-spacing-left-large:3.2%;--awb-width-medium:60%;--awb-order-medium:0;--awb-spacing-right-medium:3.2%;--awb-spacing-left-medium:3.2%;--awb-width-small:100%;--awb-order-small:0;--awb-spacing-right-small:1.92%;--awb-spacing-left-small:1.92%;\"><div class=\"fusion-column-wrapper fusion-column-has-shadow fusion-flex-justify-content-flex-start fusion-content-layout-column\"><div class=\"fusion-text fusion-text-5\"><div class=\"wpb_text_column wpb_content_element \">\n<div class=\"wpb_wrapper\">\n<h2 style=\"text-align: center;\">cadwork mit der Probeinstallation zwei Monate testen!<\/h2>\n<\/div>\n<\/div>\n<div id=\"gtx-trans\" style=\"position: absolute; left: 209px; top: 52.9167px;\">\n<div class=\"gtx-trans-icon\"><\/div>\n<\/div>\n<\/div><div style=\"text-align:center;\"><a class=\"fusion-button button-flat button-xlarge button-default fusion-button-default button-13 fusion-button-default-span fusion-button-default-type light\" target=\"_self\" href=\"https:\/\/cadwork.de\/probeinstallation\/\"><span class=\"fusion-button-text awb-button__text awb-button__text--default\">Infos zur Probeinstallation<\/span><\/a><\/div><\/div><\/div><div class=\"fusion-layout-column fusion_builder_column fusion-builder-column-7 fusion_builder_column_1_5 1_5 fusion-flex-column\" style=\"--awb-bg-size:cover;--awb-width-large:20%;--awb-margin-top-large:0px;--awb-spacing-right-large:9.6%;--awb-margin-bottom-large:20px;--awb-spacing-left-large:9.6%;--awb-width-medium:20%;--awb-order-medium:0;--awb-spacing-right-medium:9.6%;--awb-spacing-left-medium:9.6%;--awb-width-small:100%;--awb-order-small:0;--awb-spacing-right-small:1.92%;--awb-spacing-left-small:1.92%;\"><div class=\"fusion-column-wrapper fusion-column-has-shadow fusion-flex-justify-content-flex-start fusion-content-layout-column\"><\/div><\/div><\/div><\/div>\n<\/p>\n","protected":false},"excerpt":{"rendered":"","protected":false},"author":2,"featured_media":0,"parent":0,"menu_order":0,"comment_status":"closed","ping_status":"open","template":"100-width.php","meta":{"_price":"","_stock":"","_tribe_ticket_header":"","_tribe_default_ticket_provider":"","_tribe_ticket_capacity":"0","_ticket_start_date":"","_ticket_end_date":"","_tribe_ticket_show_description":"","_tribe_ticket_show_not_going":false,"_tribe_ticket_use_global_stock":"","_tribe_ticket_global_stock_level":"","_global_stock_mode":"","_global_stock_cap":"","_tribe_rsvp_for_event":"","_tribe_ticket_going_count":"","_tribe_ticket_not_going_count":"","_tribe_tickets_list":[],"_tribe_ticket_has_attendee_info_fields":false,"footnotes":"","_expiration-date-status":"","_expiration-date":0,"_expiration-date-type":"","_expiration-date-categories":[],"_expiration-date-options":[]},"class_list":["post-505","page","type-page","status-publish","hentry"],"acf":[],"_links":{"self":[{"href":"https:\/\/cadwork.de\/es\/wp-json\/wp\/v2\/pages\/505","targetHints":{"allow":["GET"]}}],"collection":[{"href":"https:\/\/cadwork.de\/es\/wp-json\/wp\/v2\/pages"}],"about":[{"href":"https:\/\/cadwork.de\/es\/wp-json\/wp\/v2\/types\/page"}],"author":[{"embeddable":true,"href":"https:\/\/cadwork.de\/es\/wp-json\/wp\/v2\/users\/2"}],"replies":[{"embeddable":true,"href":"https:\/\/cadwork.de\/es\/wp-json\/wp\/v2\/comments?post=505"}],"version-history":[{"count":1,"href":"https:\/\/cadwork.de\/es\/wp-json\/wp\/v2\/pages\/505\/revisions"}],"predecessor-version":[{"id":7945,"href":"https:\/\/cadwork.de\/es\/wp-json\/wp\/v2\/pages\/505\/revisions\/7945"}],"wp:attachment":[{"href":"https:\/\/cadwork.de\/es\/wp-json\/wp\/v2\/media?parent=505"}],"curies":[{"name":"wp","href":"https:\/\/api.w.org\/{rel}","templated":true}]}}