{"id":10942,"date":"2025-01-01T10:00:26","date_gmt":"2025-01-01T09:00:26","guid":{"rendered":"https:\/\/cadwork.de\/?page_id=10942"},"modified":"2025-01-10T14:13:44","modified_gmt":"2025-01-10T13:13:44","slug":"workshop-anmeldung","status":"publish","type":"page","link":"https:\/\/cadwork.de\/fr\/workshop-anmeldung\/","title":{"rendered":"Workshop Anmeldung"},"content":{"rendered":"<div>\n<h1>AWT 2025 \u2013 Auswahl der Workshops<\/h1>\n<p>Wir freuen uns \u00fcber Ihre Teilnahme an den Workshops zum Anwendertreffen 2025 in Hildesheim.<\/p>\n<p>Wir hei\u00dfen Sie ab 09:00 Uhr in der Universit\u00e4t Hildesheim im Geb\u00e4ude G, 2. OG, willkommen. Die Veranstaltung ist in drei Zeitbl\u00f6cke unterteilt. Der erste Workshop beginnt um 09:30 Uhr, der letzte endet um 15:15 Uhr.<br \/>\nIn jedem Zeitblock k\u00f6nnen Sie in der nachstehenden \u00dcbersicht einen Workshop ausw\u00e4hlen. M\u00f6chten Sie auf einen Block verzichten, w\u00e4hlen Sie bitte \u00ab\u00a0keine Teilnahme\u00a0\u00bb aus.<\/p>\n<p>Bitte erg\u00e4nzen Sie Ihre pers\u00f6nlichen Daten, w\u00e4hlen Sie die Workshops aus und versenden Sie das Formular \u00fcber \u00ab\u00a0Best\u00e4tigen\u00a0\u00bb. Im Anschluss erhalten Sie eine Best\u00e4tigungsmail mit der Auflistung der gew\u00fcnschten Workshops.<\/p>\n<form class=\"workshop-anmeldung-form\" action=\"https:\/\/cadwork.de\/wp-admin\/admin-post.php\" method=\"POST\">\n<table style=\"border:\"2px\">\n<tbody>\n<tr>\n<td><label for=\"anrede\">Anrede*<\/label><\/td>\n<td><select class=\"input-workshop input-text\" style=\"margin-left: 10px;\" name=\"anrede\" required=\"\" size=\"1\"><option value=\"\">Bitte w\u00e4hlen Sie aus<\/option><option value=\"Herr\">Herr<\/option><option value=\"Frau\">Frau<\/option><option value=\"Divers\">Divers<\/option><\/select><\/td>\n<\/tr>\n<tr>\n<td><label for=\"vorname\">Vorname*<\/label><\/td>\n<td><input id=\"vorname\" class=\"input-text input-workshop\" style=\"margin-left: 10px;\" name=\"vorname\" required=\"\" type=\"string\" \/><\/td>\n<\/tr>\n<tr>\n<td><label for=\"nachname\">Nachname*<\/label><\/td>\n<td><input id=\"nachname\" class=\"input-text input-workshop\" style=\"margin-left: 10px;\" name=\"nachname\" required=\"\" type=\"string\" \/><\/td>\n<\/tr>\n<tr>\n<td><label for=\"firma\">Firma*<\/label><\/td>\n<td><input id=\"firma\" class=\"input-text input-workshop\" name=\"firma\" required=\"\" type=\"string\" \/><\/td>\n<\/tr>\n<tr>\n<td><label for=\"email\">E-Mail Adresse*<\/label><\/td>\n<td><input id=\"email\" class=\"input-workshop\" style=\"margin-left: 10px;\" name=\"email\" required=\"\" type=\"email\" \/><\/td>\n<\/tr>\n<\/tbody>\n<\/table>\n<p>&nbsp;<\/p>\n<table width=\"90%\" style=\"border:1px solid black\">\n<thead>\n<tr align=\"center\">\n<td class=\"block-header block-1\" data-block=\"1\"><b>Block 1<\/b><br \/>\n09:30 &#8211; 10:45 Uhr<\/td>\n<td class=\"block-header block-2\" data-block=\"2\"><b>Block 2<\/b><br \/>\n11:15 &#8211; 12:30 Uhr<\/td>\n<td class=\"block-header block-3\" data-block=\"3\"><b>Block 3<\/b><br \/>\n14:00 &#8211; 15:15 Uhr<\/td>\n<\/tr>\n<\/thead>\n<tbody align=\"center\">\n<tr>\n<td class=\"workshop-filler block-1\"><\/td>\n<td class=\"workshop-filler block-2\"><\/td>\n<td class=\"workshop-filler block-3\"><\/td>\n<\/tr>\n<tr>\n<td onclick=\"selectWorkshop(this)\" class=\"workshop-item block-1\" data-block=\"1\" data-workshop=\"Liste\">Liste<\/td>\n<td onclick=\"selectWorkshop(this)\" class=\"workshop-item block-2\" data-block=\"2\" data-workshop=\"Maschine Stabbearbeitung\">Maschine Stabbearbeitung<\/td>\n<td onclick=\"selectWorkshop(this)\" class=\"workshop-item block-3\" data-block=\"3\" data-workshop=\"Maschine Elementfertigung\">Maschine Elementfertigung<\/td>\n<\/tr>\n<tr>\n<td onclick=\"selectWorkshop(this)\" class=\"workshop-item block-1\" data-block=\"1\" data-workshop=\"Tipps 2D\">Tipps 2D<\/td>\n<td onclick=\"selectWorkshop(this)\" class=\"workshop-item block-2\" data-block=\"2\" data-workshop=\"Tipps 3D\">Tipps 3D<\/td>\n<td onclick=\"selectWorkshop(this)\" class=\"workshop-item block-3\" data-block=\"3\" data-workshop=\"Tipps 3D\">Tipps 3D<\/td>\n<\/tr>\n<tr>\n<td onclick=\"selectWorkshop(this)\" class=\"workshop-item block-1\" data-block=\"1\" data-workshop=\"Elementbau Einsteiger\">Elementbau Einsteiger<\/td>\n<td onclick=\"selectWorkshop(this)\" class=\"workshop-item block-2\" data-block=\"2\" data-workshop=\"BIMteam\">BIMteam<\/td>\n<td onclick=\"selectWorkshop(this)\" class=\"workshop-item block-3\" data-block=\"3\" data-workshop=\"Treppe\">Treppe<\/td>\n<\/tr>\n<tr>\n<td onclick=\"selectWorkshop(this)\" class=\"workshop-item block-1\" data-block=\"1\" data-workshop=\"Elementbau Fortgeschrittene\">Elementbau Fortgeschrittene<\/td>\n<td onclick=\"selectWorkshop(this)\" class=\"workshop-item block-2\" data-block=\"2\" data-workshop=\"BIM und IFC\">BIM und IFC<\/td>\n<td onclick=\"selectWorkshop(this)\" class=\"workshop-item block-3\" data-block=\"3\" data-workshop=\"Plugins mit Python\">Plugins mit Python<\/td>\n<\/tr>\n<tr>\n<td onclick=\"selectWorkshop(this)\" class=\"workshop-item block-1\" data-block=\"1\" data-workshop=\"Architektur und mehrschichtige H\u00fcllen\">Architektur und mehrschichtige H\u00fcllen<\/td>\n<td onclick=\"selectWorkshop(this)\" class=\"workshop-item block-2\" data-block=\"2\" data-workshop=\"Wand und Esz\">Wand und Esz<\/td>\n<td onclick=\"selectWorkshop(this)\" class=\"workshop-item block-3\" data-block=\"3\" data-workshop=\"Ausgabe- \/Containerelement\">Ausgabe- \/Containerelement<\/td>\n<\/tr>\n<tr>\n<td onclick=\"selectWorkshop(this)\" class=\"workshop-item block-1\" rowspan=\"2\" data-block=\"1\" data-workshop=\"Schachtelung\">Schachtelung<\/td>\n<td onclick=\"selectWorkshop(this)\" class=\"workshop-item block-2\" rowspan=\"2\" data-block=\"2\" data-workshop=\"Tachymetrie\">Tachymetrie<\/td>\n<td onclick=\"selectWorkshop(this)\" class=\"workshop-item block-3\" data-block=\"3\" data-workshop=\"Hardware und Installation\">Hardware und Installation<\/td>\n<\/tr>\n<tr>\n<td onclick=\"selectWorkshop(this)\" class=\"workshop-item block-3\" data-block=\"3\" data-workshop=\"Scanning\">Scanning<\/td>\n<\/tr>\n<tr>\n<td onclick=\"selectWorkshop(this)\" class=\"workshop-item block-1\" data-block=\"1\" data-workshop=\"Keine Teilnahme\">Keine Teilnahme<\/td>\n<td onclick=\"selectWorkshop(this)\" class=\"workshop-item block-2\" data-block=\"2\" data-workshop=\"Keine Teilnahme\">Keine Teilnahme<\/td>\n<td onclick=\"selectWorkshop(this)\" class=\"workshop-item block-3\" data-block=\"3\" data-workshop=\"Keine Teilnahme\">Keine Teilnahme<\/td>\n<\/tr>\n<\/tbody>\n<\/table>\n<div style=\"margin-top: 10px;\"><button id=\"workshop-submit-button\" class=\"workshop-anmeldung\" title=\"F\u00fcllen Sie Ihre pers\u00f6nlichen Daten vollst\u00e4ndig aus und w\u00e4hlen aus jedem Zeitblock einen Workshop.\" disabled=\"disabled\" name=\"workshop_anmeldung\" type=\"submit\">Best\u00e4tigen<\/button><br \/>\n<input name=\"action\" required=\"\" type=\"hidden\" value=\"workshop_registration\" \/><br \/>\n<input id=\"blockdata1\" class=\"input-workshop\" style=\"display: none;\" name=\"block1\" required=\"\" type=\"text\" \/><br \/>\n<input id=\"blockdata2\" class=\"input-workshop\" style=\"display: none;\" name=\"block2\" required=\"\" type=\"text\" \/><br \/>\n<input id=\"blockdata3\" class=\"input-workshop\" style=\"display: none;\" name=\"block3\" required=\"\" type=\"text\" \/><\/div>\n<\/form>\n<\/div>\n","protected":false},"excerpt":{"rendered":"<p>AWT 2025 \u2013 Auswahl der Workshops Wir freuen uns \u00fcber   [&#8230;]<\/p>\n","protected":false},"author":37,"featured_media":0,"parent":0,"menu_order":0,"comment_status":"closed","ping_status":"closed","template":"","meta":{"_price":"","_stock":"","_tribe_ticket_header":"","_tribe_default_ticket_provider":"","_tribe_ticket_capacity":"0","_ticket_start_date":"","_ticket_end_date":"","_tribe_ticket_show_description":"","_tribe_ticket_show_not_going":false,"_tribe_ticket_use_global_stock":"","_tribe_ticket_global_stock_level":"","_global_stock_mode":"","_global_stock_cap":"","_tribe_rsvp_for_event":"","_tribe_ticket_going_count":"","_tribe_ticket_not_going_count":"","_tribe_tickets_list":[],"_tribe_ticket_has_attendee_info_fields":false,"footnotes":"","_expiration-date-status":"","_expiration-date":0,"_expiration-date-type":"","_expiration-date-categories":[],"_expiration-date-options":[]},"class_list":["post-10942","page","type-page","status-publish","hentry"],"acf":[],"_links":{"self":[{"href":"https:\/\/cadwork.de\/fr\/wp-json\/wp\/v2\/pages\/10942","targetHints":{"allow":["GET"]}}],"collection":[{"href":"https:\/\/cadwork.de\/fr\/wp-json\/wp\/v2\/pages"}],"about":[{"href":"https:\/\/cadwork.de\/fr\/wp-json\/wp\/v2\/types\/page"}],"author":[{"embeddable":true,"href":"https:\/\/cadwork.de\/fr\/wp-json\/wp\/v2\/users\/37"}],"replies":[{"embeddable":true,"href":"https:\/\/cadwork.de\/fr\/wp-json\/wp\/v2\/comments?post=10942"}],"version-history":[{"count":36,"href":"https:\/\/cadwork.de\/fr\/wp-json\/wp\/v2\/pages\/10942\/revisions"}],"predecessor-version":[{"id":19211,"href":"https:\/\/cadwork.de\/fr\/wp-json\/wp\/v2\/pages\/10942\/revisions\/19211"}],"wp:attachment":[{"href":"https:\/\/cadwork.de\/fr\/wp-json\/wp\/v2\/media?parent=10942"}],"curies":[{"name":"wp","href":"https:\/\/api.w.org\/{rel}","templated":true}]}}