{"id":16945,"date":"2024-09-23T09:04:43","date_gmt":"2024-09-23T07:04:43","guid":{"rendered":"https:\/\/cadwork.de\/?page_id=16945"},"modified":"2024-10-02T13:47:58","modified_gmt":"2024-10-02T11:47:58","slug":"hinweise-usb-stick-ausbildungsversion","status":"publish","type":"page","link":"https:\/\/cadwork.de\/fr\/hinweise-usb-stick-ausbildungsversion\/","title":{"rendered":"Hinweise USB-Stick Ausbildungsversion"},"content":{"rendered":"<p><div class=\"fusion-bg-parallax\" data-bg-align=\"center center\" data-direction=\"down\" data-mute=\"false\" data-opacity=\"100\" data-velocity=\"-0.3\" data-mobile-enabled=\"false\" data-break_parents=\"0\" data-bg-image=\"https:\/\/cadwork.de\/wp-content\/uploads\/2021\/01\/cad-head-unternehmen.jpg\" data-bg-repeat=\"false\" data-bg-color=\"#000000\" ><\/div><div class=\"fusion-fullwidth fullwidth-box fusion-builder-row-1 fusion-flex-container fusion-parallax-down nonhundred-percent-fullwidth non-hundred-percent-height-scrolling whitefont headtwo\" style=\"--awb-border-radius-top-left:0px;--awb-border-radius-top-right:0px;--awb-border-radius-bottom-right:0px;--awb-border-radius-bottom-left:0px;--awb-background-color:#000000;--awb-background-image:url(&quot;https:\/\/cadwork.de\/wp-content\/uploads\/2021\/01\/cad-head-unternehmen.jpg&quot;);--awb-background-size:cover;--awb-flex-wrap:wrap;\" ><div class=\"fusion-builder-row fusion-row fusion-flex-align-items-center fusion-flex-justify-content-center fusion-flex-content-wrap\" style=\"max-width:1248px;margin-left: calc(-4% \/ 2 );margin-right: calc(-4% \/ 2 );\"><div class=\"fusion-layout-column fusion_builder_column fusion-builder-column-0 fusion_builder_column_1_1 1_1 fusion-flex-column\" style=\"--awb-bg-size:cover;--awb-width-large:100%;--awb-margin-top-large:0px;--awb-spacing-right-large:1.92%;--awb-margin-bottom-large:0px;--awb-spacing-left-large:1.92%;--awb-width-medium:100%;--awb-spacing-right-medium:1.92%;--awb-spacing-left-medium:1.92%;--awb-width-small:100%;--awb-spacing-right-small:1.92%;--awb-spacing-left-small:1.92%;\"><div class=\"fusion-column-wrapper fusion-flex-justify-content-flex-start fusion-content-layout-column\"><div class=\"fusion-text fusion-text-1\"><h1 class=\"fusion-responsive-typography-calculated\" style=\"text-align: center; --fontsize: 54; line-height: 1.16;\" data-fontsize=\"54\" data-lineheight=\"62.64px\"><span data-teams=\"true\"><span class=\"ui-provider a b c d e f g h i j k l m n o p q r s t u v w x y z ab ac ae af ag ah ai aj ak\" dir=\"ltr\">Hinweise zur Ausbildungsversion<\/span><\/span><\/h1>\n<\/div><\/div><\/div><\/div><\/div><div class=\"fusion-fullwidth fullwidth-box fusion-builder-row-2 fusion-flex-container nonhundred-percent-fullwidth non-hundred-percent-height-scrolling\" style=\"--awb-background-blend-mode:screen;--awb-border-radius-top-left:0px;--awb-border-radius-top-right:0px;--awb-border-radius-bottom-right:0px;--awb-border-radius-bottom-left:0px;--awb-padding-top:70px;--awb-padding-bottom:40px;--awb-background-image:linear-gradient(180deg, rgba(204,222,229,0.4) 0%,rgba(255,255,255,0) 20%);--awb-flex-wrap:wrap;\" ><div class=\"fusion-builder-row fusion-row fusion-flex-align-items-flex-start fusion-flex-content-wrap\" style=\"max-width:1248px;margin-left: calc(-4% \/ 2 );margin-right: calc(-4% \/ 2 );\"><div class=\"fusion-layout-column fusion_builder_column fusion-builder-column-1 fusion_builder_column_1_1 1_1 fusion-flex-column fusion-flex-align-self-flex-start\" style=\"--awb-padding-top:0px;--awb-padding-bottom:0px;--awb-bg-size:cover;--awb-width-large:100%;--awb-margin-top-large:0px;--awb-spacing-right-large:0%;--awb-margin-bottom-large:20px;--awb-spacing-left-large:1.92%;--awb-width-medium:100%;--awb-order-medium:0;--awb-spacing-right-medium:0%;--awb-spacing-left-medium:1.92%;--awb-width-small:100%;--awb-order-small:0;--awb-spacing-right-small:1.92%;--awb-spacing-left-small:1.92%;\"><div class=\"fusion-column-wrapper fusion-column-has-shadow fusion-flex-justify-content-center fusion-content-layout-column\"><div class=\"fusion-text fusion-text-2\"><h3 class=\"fusion-responsive-typography-calculated\" style=\"--fontsize: 32; line-height: 1.3;\" data-fontsize=\"32\" data-lineheight=\"41.6px\">Bitte beachten Sie folgende Hinweise:<\/h3>\n<\/div><div class=\"fusion-text fusion-text-3\"><h4 class=\"fusion-responsive-typography-calculated\" style=\"--fontsize: 24; line-height: 1.36; --fontSize: 24;\" data-fontsize=\"24\" data-lineheight=\"32.64px\"><span data-teams=\"true\"><span class=\"ui-provider a b c d e f g h i j k l m n o p q r s t u v w x y z ab ac ae af ag ah ai aj ak\" dir=\"ltr\">\u00dcber den USB-Stick wird die cadwork Software lizenziert. Er muss w\u00e4hrend der Nutzung durch einen USB-Port am Rechner angeschlossen sein.<\/span><\/span><\/h4>\n<p><strong>Generell ist folgendes zu beachten:<\/strong><\/p>\n<ol>\n<li>Bitte ziehen Sie unter keinen Umst\u00e4nden den Stick aus dem Rechner, w\u00e4hrend Sie das Programm noch ge\u00f6ffnet haben.<\/li>\n<li>M\u00f6chten Sie den USB-Stick vom Rechner entfernen, muss der Stick fachgerecht \u00fcber den Windows Explorer ausgeworfen werden.<\/li>\n<li>Bei Neuinstallation oder Wechsel des Betriebssystems auf eine neuere Version, m\u00fcssen Sie den USB-Stick vorher unbedingt auswerfen und entfernen, sonst kann Ihre Lizenz verloren gehen.<\/li>\n<li>Bitte speichern Sie keine Daten auf dem USB-Stick.<\/li>\n<\/ol>\n<p><strong>Bei Verlust dieses USB-Sticks wird eine Bearbeitungsgeb\u00fchr von 65,00 EUR inkl. MwSt. erhoben.<\/strong><\/p>\n<p><strong>Bitte beachten Sie, dass Ihre Lizenz nur verl\u00e4ngert wird, wenn wir Ihren aktuellen <\/strong><b><span style=\"color: var(--body_typography-color); font-family: var(--body_typography-font-family); font-size: var(--body_typography-font-size); font-style: var(--body_typography-font-style,normal); letter-spacing: var(--body_typography-letter-spacing); background-color: rgba(255, 255, 255, 0);\">Ausbildungsnachweis<\/span><\/b><b style=\"background-color: rgba(255, 255, 255, 0); color: var(--body_typography-color); font-family: var(--body_typography-font-family); font-size: var(--body_typography-font-size); font-style: var(--body_typography-font-style,normal); letter-spacing: var(--body_typography-letter-spacing);\"> rechtzeitig von Ihnen zugesendet bekommen. Ihren Nachweis k\u00f6nnen Sie gerne an <u><span style=\"color: #1f3c90;\">administration@cadwork.de<\/span><\/u> senden. <\/b><\/p>\n<\/div><\/div><\/div><div class=\"fusion-layout-column fusion_builder_column fusion-builder-column-2 fusion_builder_column_2_3 2_3 fusion-flex-column\" style=\"--awb-padding-top:0px;--awb-padding-bottom:0px;--awb-bg-size:cover;--awb-width-large:66.666666666667%;--awb-margin-top-large:0px;--awb-spacing-right-large:2.88%;--awb-margin-bottom-large:20px;--awb-spacing-left-large:2.88%;--awb-width-medium:66.666666666667%;--awb-order-medium:0;--awb-spacing-right-medium:2.88%;--awb-spacing-left-medium:2.88%;--awb-width-small:100%;--awb-order-small:1;--awb-spacing-right-small:1.92%;--awb-spacing-left-small:1.92%;\"><div class=\"fusion-column-wrapper fusion-column-has-shadow fusion-flex-justify-content-flex-start fusion-content-layout-column\"><div class=\"fusion-text fusion-text-4\"><h4 class=\"fusion-responsive-typography-calculated\" style=\"--fontsize: 24; line-height: 1.36; --fontSize: 24;\" data-fontsize=\"24\" data-lineheight=\"32.64px\">Funktionsumfang Ausbildungsversion:<\/h4>\n<p>Die cadwork Version f\u00fcr die Ausbildung ist eine Vollversion mit den folgenden freigeschalteten Modulen:<\/p>\n<ul>\n<li>cadwork 3D<\/li>\n<li>cadwork 2,5D<\/li>\n<li>cadwork Liste\/Planausgabe<\/li>\n<li>cadwork Treppe<\/li>\n<li>cadwork Rhino<\/li>\n<li>cadwork BIM Manager<\/li>\n<li>cadwork Pointcloud<\/li>\n<li>cadwork Dach- \/ Wandautomatik<\/li>\n<li>cadwork Dachabbund<\/li>\n<li>cadwork Elementbau<\/li>\n<li>cadwork Variante<\/li>\n<li>cadwork IFC Import\/Export<\/li>\n<\/ul>\n<p>Mit diesem Paket k\u00f6nnen Sie jede beliebige Konstruktion zu 100% konstruieren.<\/p>\n<p><strong><span class=\"ui-provider a b c d e f g h i j k l m n o p q r s t u v w x y z ab ac ae af ag ah ai aj ak\" dir=\"ltr\" style=\"font-size: 20px; color: #af0000;\" data-fusion-font=\"true\">BITTE BEACHTEN SIE: Diese Version darf nicht gewerblich genutzt werden!<\/span><\/strong><\/p>\n<\/div><\/div><\/div><div class=\"fusion-layout-column fusion_builder_column fusion-builder-column-3 fusion_builder_column_1_3 1_3 fusion-flex-column fusion-flex-align-self-center\" style=\"--awb-padding-bottom:0px;--awb-bg-size:cover;--awb-width-large:33.333333333333%;--awb-margin-top-large:0px;--awb-spacing-right-large:5.76%;--awb-margin-bottom-large:20px;--awb-spacing-left-large:5.76%;--awb-width-medium:33.333333333333%;--awb-order-medium:0;--awb-spacing-right-medium:5.76%;--awb-spacing-left-medium:5.76%;--awb-width-small:100%;--awb-order-small:3;--awb-spacing-right-small:1.92%;--awb-spacing-left-small:1.92%;\"><div class=\"fusion-column-wrapper fusion-column-has-shadow fusion-flex-justify-content-center fusion-content-layout-column fusion-content-nowrap\"><div ><a class=\"fusion-button button-flat fusion-button-default-size button-default fusion-button-default button-1 fusion-button-span-yes fusion-button-default-type\" style=\"--button_margin-top:10px;--button_margin-bottom:10px;\" target=\"_blank\" rel=\"noopener noreferrer\" href=\"https:\/\/cadwork.de\/wp-content\/uploads\/2024\/09\/Anleitung-Codedownload.pdf\"><i class=\"fa-download fas awb-button__icon awb-button__icon--default button-icon-left\" aria-hidden=\"true\"><\/i><span class=\"fusion-button-text awb-button__text awb-button__text--default\">Anleitung Codedownload<\/span><\/a><\/div><div ><a class=\"fusion-button button-flat fusion-button-default-size button-default fusion-button-default button-2 fusion-button-span-yes fusion-button-default-type\" style=\"--button_margin-top:10px;--button_margin-bottom:10px;\" target=\"_blank\" rel=\"noopener noreferrer\" href=\"https:\/\/cadwork.de\/wp-content\/uploads\/2023\/06\/Installationsanleitung_V30_de.pdf\"><i class=\"fa-file-alt fas awb-button__icon awb-button__icon--default button-icon-left\" aria-hidden=\"true\"><\/i><span class=\"fusion-button-text awb-button__text awb-button__text--default\">Zur Installationsanleitung<\/span><\/a><\/div><div ><a class=\"fusion-button button-flat fusion-button-default-size button-default fusion-button-default button-3 fusion-button-span-yes fusion-button-default-type\" style=\"--button_margin-top:10px;--button_margin-bottom:10px;\" target=\"_blank\" rel=\"noopener noreferrer\" href=\"https:\/\/cadwork.de\/wp-content\/uploads\/2024\/10\/Hinweise-fuer-Lehrer-Dozenten-1.pdf\"><i class=\"fa-info-circle fas awb-button__icon awb-button__icon--default button-icon-left\" aria-hidden=\"true\"><\/i><span class=\"fusion-button-text awb-button__text awb-button__text--default\">Hinweis f\u00fcr Lehrende \/ Dozierende<\/span><\/a><\/div><div ><a class=\"fusion-button button-flat fusion-button-default-size button-default fusion-button-default button-4 fusion-button-span-yes fusion-button-default-type\" style=\"--button_margin-top:10px;--button_margin-bottom:10px;\" target=\"_blank\" rel=\"noopener noreferrer\" href=\"https:\/\/cadwork.de\/wp-content\/uploads\/2024\/10\/Hotline-2024.pdf\"><i class=\"fa-phone-alt fas awb-button__icon awb-button__icon--default button-icon-left\" aria-hidden=\"true\"><\/i><span class=\"fusion-button-text awb-button__text awb-button__text--default\">Kontaktinformationen<\/span><\/a><\/div><div ><a class=\"fusion-button button-flat fusion-button-default-size button-default fusion-button-default button-5 fusion-button-span-yes fusion-button-default-type\" style=\"--button_margin-top:10px;--button_margin-bottom:10px;\" target=\"_blank\" rel=\"noopener noreferrer\" href=\"https:\/\/cadwork.de\/wp-content\/uploads\/2024\/10\/Infoblatt_Tastaturoptionen.pdf\"><i class=\"fa-keyboard fas awb-button__icon awb-button__icon--default button-icon-left\" aria-hidden=\"true\"><\/i><span class=\"fusion-button-text awb-button__text awb-button__text--default\">cadwork Tastaturbelegung<\/span><\/a><\/div><div ><a class=\"fusion-button button-flat fusion-button-default-size button-default fusion-button-default button-6 fusion-button-span-yes fusion-button-default-type\" style=\"--button_margin-top:10px;--button_margin-bottom:10px;\" target=\"_blank\" rel=\"noopener noreferrer\" href=\"https:\/\/www.youtube.com\/channel\/UC3gTlT9_h6vHNi7PfVP2Zpw\"><i class=\"fa-tv fas awb-button__icon awb-button__icon--default button-icon-left\" aria-hidden=\"true\"><\/i><span class=\"fusion-button-text awb-button__text awb-button__text--default\">Videos<\/span><\/a><\/div><\/div><\/div><div class=\"fusion-layout-column fusion_builder_column fusion-builder-column-4 fusion_builder_column_2_3 2_3 fusion-flex-column\" style=\"--awb-padding-top:0px;--awb-padding-bottom:0px;--awb-bg-size:cover;--awb-width-large:66.666666666667%;--awb-margin-top-large:0px;--awb-spacing-right-large:0%;--awb-margin-bottom-large:20px;--awb-spacing-left-large:2.88%;--awb-width-medium:66.666666666667%;--awb-order-medium:0;--awb-spacing-right-medium:0%;--awb-spacing-left-medium:2.88%;--awb-width-small:100%;--awb-order-small:2;--awb-spacing-right-small:1.92%;--awb-spacing-left-small:1.92%;\"><div class=\"fusion-column-wrapper fusion-column-has-shadow fusion-flex-justify-content-flex-start fusion-content-layout-column\"><div class=\"fusion-text fusion-text-5\"><h4 class=\"\" style=\"--fontsize: 24; line-height: 1.36;\" data-fontsize=\"24\" data-lineheight=\"32.64px\">Was passiert nach der Ausbildung?<\/h4>\n<p>Nutzen Sie Ihre cadwork Ausbildungsversion f\u00fcr sechs weitere Monate gratis als Absolventenversion.<\/p>\n<p>Wir ben\u00f6tigen lediglich eine Kopie Ihres Abschlusszeugnisses und schon wird die Version ein halbes Jahr ab Zeugnisdatum kostenlos f\u00fcr Sie freigeschaltet.<\/p>\n<p>Die cadwork Absolventenversion k\u00f6nnen Sie ganz einfach <a id=\"menur7dq\" class=\"fui-Link ___1q1shib f2hkw1w f3rmtva f1ewtqcl fyind8e f1k6fduh f1w7gpdv fk6fouc fjoy568 figsok6 f1s184ao f1mk8lai fnbmjn9 f1o700av f13mvf36 f1cmlufx f9n3di6 f1ids18y f1tx3yz7 f1deo86v f1eh06m1 f1iescvh fhgqx19 f1olyrje f1p93eir f1nev41a f1h8hb77 f1lqvz6u f10aw75t fsle3fq f17ae5zn\" title=\"https:\/\/cadwork.de\/loesungen\/schueler-studierende-schulen-hochschulen\/\" href=\"https:\/\/cadwork.de\/loesungen\/schueler-studierende-schulen-hochschulen\/\" target=\"_blank\" rel=\"noreferrer noopener\" aria-label=\"Link https:\/\/cadwork.de\/loesungen\/schueler-studierende-schulen-hochschulen\/\"><b><u>HIER<\/u><\/b><\/a> beantragen.<\/p><\/p>\n<\/div><\/div><\/div><\/div><\/div><\/p>\n","protected":false},"excerpt":{"rendered":"","protected":false},"author":37,"featured_media":0,"parent":0,"menu_order":0,"comment_status":"closed","ping_status":"open","template":"100-width.php","meta":{"_price":"","_stock":"","_tribe_ticket_header":"","_tribe_default_ticket_provider":"","_tribe_ticket_capacity":"0","_ticket_start_date":"","_ticket_end_date":"","_tribe_ticket_show_description":"","_tribe_ticket_show_not_going":false,"_tribe_ticket_use_global_stock":"","_tribe_ticket_global_stock_level":"","_global_stock_mode":"","_global_stock_cap":"","_tribe_rsvp_for_event":"","_tribe_ticket_going_count":"","_tribe_ticket_not_going_count":"","_tribe_tickets_list":[],"_tribe_ticket_has_attendee_info_fields":false,"footnotes":"","_expiration-date-status":"","_expiration-date":0,"_expiration-date-type":"","_expiration-date-categories":[],"_expiration-date-options":[]},"class_list":["post-16945","page","type-page","status-publish","hentry"],"acf":[],"_links":{"self":[{"href":"https:\/\/cadwork.de\/fr\/wp-json\/wp\/v2\/pages\/16945","targetHints":{"allow":["GET"]}}],"collection":[{"href":"https:\/\/cadwork.de\/fr\/wp-json\/wp\/v2\/pages"}],"about":[{"href":"https:\/\/cadwork.de\/fr\/wp-json\/wp\/v2\/types\/page"}],"author":[{"embeddable":true,"href":"https:\/\/cadwork.de\/fr\/wp-json\/wp\/v2\/users\/37"}],"replies":[{"embeddable":true,"href":"https:\/\/cadwork.de\/fr\/wp-json\/wp\/v2\/comments?post=16945"}],"version-history":[{"count":24,"href":"https:\/\/cadwork.de\/fr\/wp-json\/wp\/v2\/pages\/16945\/revisions"}],"predecessor-version":[{"id":17064,"href":"https:\/\/cadwork.de\/fr\/wp-json\/wp\/v2\/pages\/16945\/revisions\/17064"}],"wp:attachment":[{"href":"https:\/\/cadwork.de\/fr\/wp-json\/wp\/v2\/media?parent=16945"}],"curies":[{"name":"wp","href":"https:\/\/api.w.org\/{rel}","templated":true}]}}