{"id":16982,"date":"2024-09-26T12:14:30","date_gmt":"2024-09-26T10:14:30","guid":{"rendered":"https:\/\/cadwork.de\/?page_id=16982"},"modified":"2025-09-01T13:32:20","modified_gmt":"2025-09-01T11:32:20","slug":"hinweise-usb-stick-cadwork-lizenz","status":"publish","type":"page","link":"https:\/\/cadwork.de\/it\/hinweise-usb-stick-cadwork-lizenz\/","title":{"rendered":"Hinweise USB-Stick cadwork Lizenz"},"content":{"rendered":"<p><div class=\"fusion-bg-parallax\" data-bg-align=\"center center\" data-direction=\"down\" data-mute=\"false\" data-opacity=\"100\" data-velocity=\"-0.3\" data-mobile-enabled=\"false\" data-break_parents=\"0\" data-bg-image=\"https:\/\/cadwork.de\/wp-content\/uploads\/2021\/01\/cad-head-unternehmen.jpg\" data-bg-repeat=\"false\" data-bg-color=\"#000000\" ><\/div><div class=\"fusion-fullwidth fullwidth-box fusion-builder-row-1 fusion-flex-container fusion-parallax-down nonhundred-percent-fullwidth non-hundred-percent-height-scrolling whitefont headtwo\" style=\"--awb-border-radius-top-left:0px;--awb-border-radius-top-right:0px;--awb-border-radius-bottom-right:0px;--awb-border-radius-bottom-left:0px;--awb-background-color:#000000;--awb-background-image:url(&quot;https:\/\/cadwork.de\/wp-content\/uploads\/2021\/01\/cad-head-unternehmen.jpg&quot;);--awb-background-size:cover;--awb-flex-wrap:wrap;\" ><div class=\"fusion-builder-row fusion-row fusion-flex-align-items-center fusion-flex-justify-content-center fusion-flex-content-wrap\" style=\"max-width:1248px;margin-left: calc(-4% \/ 2 );margin-right: calc(-4% \/ 2 );\"><div class=\"fusion-layout-column fusion_builder_column fusion-builder-column-0 fusion_builder_column_1_1 1_1 fusion-flex-column\" style=\"--awb-bg-size:cover;--awb-width-large:100%;--awb-margin-top-large:0px;--awb-spacing-right-large:1.92%;--awb-margin-bottom-large:0px;--awb-spacing-left-large:1.92%;--awb-width-medium:100%;--awb-spacing-right-medium:1.92%;--awb-spacing-left-medium:1.92%;--awb-width-small:100%;--awb-spacing-right-small:1.92%;--awb-spacing-left-small:1.92%;\"><div class=\"fusion-column-wrapper fusion-flex-justify-content-flex-start fusion-content-layout-column\"><div class=\"fusion-text fusion-text-1\"><h1 class=\"fusion-responsive-typography-calculated\" style=\"text-align: center; --fontsize: 54; line-height: 1.16;\" data-fontsize=\"54\" data-lineheight=\"62.64px\"><span data-teams=\"true\"><span class=\"ui-provider a b c d e f g h i j k l m n o p q r s t u v w x y z ab ac ae af ag ah ai aj ak\" dir=\"ltr\">Hinweise USB-Stick cadwork Lizens<\/span><\/span><\/h1>\n<\/div><\/div><\/div><\/div><\/div><div class=\"fusion-fullwidth fullwidth-box fusion-builder-row-2 fusion-flex-container nonhundred-percent-fullwidth non-hundred-percent-height-scrolling\" style=\"--awb-background-blend-mode:screen;--awb-border-radius-top-left:0px;--awb-border-radius-top-right:0px;--awb-border-radius-bottom-right:0px;--awb-border-radius-bottom-left:0px;--awb-padding-top:70px;--awb-padding-bottom:40px;--awb-background-image:linear-gradient(180deg, rgba(204,222,229,0.4) 0%,rgba(255,255,255,0) 20%);--awb-flex-wrap:wrap;\" ><div class=\"fusion-builder-row fusion-row fusion-flex-align-items-flex-start fusion-flex-content-wrap\" style=\"max-width:1248px;margin-left: calc(-4% \/ 2 );margin-right: calc(-4% \/ 2 );\"><div class=\"fusion-layout-column fusion_builder_column fusion-builder-column-1 fusion_builder_column_1_1 1_1 fusion-flex-column\" style=\"--awb-padding-top:0px;--awb-padding-bottom:0px;--awb-bg-size:cover;--awb-width-large:100%;--awb-margin-top-large:0px;--awb-spacing-right-large:1.92%;--awb-margin-bottom-large:20px;--awb-spacing-left-large:1.92%;--awb-width-medium:100%;--awb-order-medium:0;--awb-spacing-right-medium:1.92%;--awb-spacing-left-medium:1.92%;--awb-width-small:100%;--awb-order-small:0;--awb-spacing-right-small:1.92%;--awb-spacing-left-small:1.92%;\"><div class=\"fusion-column-wrapper fusion-column-has-shadow fusion-flex-justify-content-flex-start fusion-content-layout-column\"><div class=\"fusion-text fusion-text-2\"><h3 class=\"fusion-responsive-typography-calculated\" style=\"text-align: left; --fontsize: 32; line-height: 1.3;\" data-fontsize=\"32\" data-lineheight=\"41.6px\">Bitte beachten Sie folgende Hinweise:<\/h3>\n<\/div><div class=\"fusion-text fusion-text-3\"><h4 class=\"fusion-responsive-typography-calculated\" style=\"--fontsize: 24; line-height: 1.36;\" data-fontsize=\"24\" data-lineheight=\"32.64px\"><strong>\u00dcber diesen USB-Stick wird die cadwork Software lizenziert. Er muss an einem USB-Port am Rechner angeschlossen sein und im cadwork Setup ausgew\u00e4hlt werden.<\/strong><\/h4>\n<p><b><span style=\"background-color: rgba(255, 255, 255, 0);\">Generell ist folgendes zu beachten<\/span>:<\/b><\/p>\n<ol>\n<li style=\"list-style-type: none;\">\n<ol>\n<li>Bitte ziehen Sie unter keinen Umst\u00e4nden den Stick aus dem Rechner, w\u00e4hrend Sie das Programm noch ge\u00f6ffnet haben.<\/li>\n<li><span style=\"background-color: rgba(255, 255, 255, 0);\">Bei Neuinstallation oder Wechsel des Betriebssystems auf eine neuere Version, m\u00fcssen Sie den USB-Stick vorher unbedingt auswerfen und entfernen, sonst kann Ihre Lizenz verloren gehen.<\/span><\/li>\n<li><span style=\"background-color: rgba(255, 255, 255, 0);\">M\u00f6chten Sie den USB-Stick vom Rechner entfernen, muss der Stick fachgerecht \u00fcber den Windows Explorer ausgeworfen werden.<\/span><\/li>\n<li>USB-Stick-Verlust und Ersatz im Rahmen des cadwork Wartungsvertrags\n<ul>\n<li><strong>Versicherungsschutz:<\/strong><br \/>\nDurch den j\u00e4hrlichen cadwork Wartungsvertrag ist der USB-Stick gegen Verlust, Diebstahl oder Schaden abgesichert.<\/li>\n<li><strong>Ersatzregelung:<\/strong><br \/>\nBei einem solchen Vorfall wird die Softwarelizenz sowie der USB-Stick ersetzt.<br \/>\nDer Kunde tr\u00e4gt dabei eine Selbstbeteiligung von 150,00 EUR zzgl. MwSt.<\/li>\n<li><strong>Verlustmeldung:<\/strong><br \/>\nEin Verlust muss schriftlich angezeigt werden, inklusive einer genauen Beschreibung des Schadenhergangs.<\/li>\n<li><strong>Wiederauffinden:<\/strong><br \/>\nSollte der Stick sp\u00e4ter wieder auftauchen, ist dies unverz\u00fcglich zu melden und der USB-Stick muss zur\u00fcckgesendet werden.<\/li>\n<\/ul>\n<\/li>\n<li>Haben Sie <strong>keinen g\u00fcltigen Wartungsvertrag<\/strong> mit cadwork abgeschlossen, <b>erlischt im Falle von Verlust oder Diebstahl des USB-Sticks die Softwarelizenz unwiderruflich. <\/b><br \/>\n<span style=\"background-color: rgba(255, 255, 255, 0);\">Gegebenenfalls sollten Sie die <\/span><span style=\"background-color: rgba(255, 255, 255, 0);\">Deckungssumme<\/span><span style=\"background-color: rgba(255, 255, 255, 0);\"> Ihrer Versicherung entsprechend <\/span><span style=\"background-color: rgba(255, 255, 255, 0);\">um den Neuwert der Softwarelizenz erweitern.<br \/>\n<\/span><span style=\"background-color: rgba(255, 255, 255, 0);\">Bitte pr\u00fcfen Sie in diesem Fall <\/span><span style=\"background-color: rgba(255, 255, 255, 0);\">dringend<\/span><span style=\"background-color: rgba(255, 255, 255, 0);\">, ob Ihre <\/span><span style=\"background-color: rgba(255, 255, 255, 0);\">Versicherungspolice<\/span><span style=\"background-color: rgba(255, 255, 255, 0);\"> Sch\u00e4den wie <\/span><span style=\"background-color: rgba(255, 255, 255, 0);\">Diebstahl, Verlust oder Brandsch\u00e4den<\/span><span style=\"background-color: rgba(255, 255, 255, 0);\"> im Zusammenhang mit der <\/span><span style=\"background-color: rgba(255, 255, 255, 0);\">Softwarelizenz<\/span><span style=\"background-color: rgba(255, 255, 255, 0);\"> abdeckt.<\/span><\/li>\n<\/ol>\n<\/li>\n<\/ol>\n<\/div><\/div><\/div><div class=\"fusion-layout-column fusion_builder_column fusion-builder-column-2 fusion_builder_column_1_4 1_4 fusion-flex-column fusion-flex-align-self-center\" style=\"--awb-bg-size:cover;--awb-width-large:25%;--awb-margin-top-large:0px;--awb-spacing-right-large:7.68%;--awb-margin-bottom-large:20px;--awb-spacing-left-large:7.68%;--awb-width-medium:25%;--awb-order-medium:0;--awb-spacing-right-medium:7.68%;--awb-spacing-left-medium:7.68%;--awb-width-small:100%;--awb-order-small:0;--awb-spacing-right-small:1.92%;--awb-spacing-left-small:1.92%;\"><div class=\"fusion-column-wrapper fusion-column-has-shadow fusion-flex-justify-content-space-between fusion-content-layout-column\"><div ><a class=\"fusion-button button-flat fusion-button-default-size button-default fusion-button-default button-1 fusion-button-span-yes fusion-button-default-type\" target=\"_blank\" rel=\"noopener noreferrer\" href=\"https:\/\/cadwork.de\/wp-content\/uploads\/2025\/08\/Hotline-2025.pdf\"><i class=\"fa-phone fas awb-button__icon awb-button__icon--default button-icon-left\" aria-hidden=\"true\"><\/i><span class=\"fusion-button-text awb-button__text awb-button__text--default\">Kontaktinformation<\/span><\/a><\/div><\/div><\/div><div class=\"fusion-layout-column fusion_builder_column fusion-builder-column-3 fusion_builder_column_1_4 1_4 fusion-flex-column fusion-flex-align-self-center\" style=\"--awb-bg-size:cover;--awb-width-large:25%;--awb-margin-top-large:0px;--awb-spacing-right-large:7.68%;--awb-margin-bottom-large:20px;--awb-spacing-left-large:7.68%;--awb-width-medium:25%;--awb-order-medium:0;--awb-spacing-right-medium:7.68%;--awb-spacing-left-medium:7.68%;--awb-width-small:100%;--awb-order-small:0;--awb-spacing-right-small:1.92%;--awb-spacing-left-small:1.92%;\"><div class=\"fusion-column-wrapper fusion-column-has-shadow fusion-flex-justify-content-center fusion-content-layout-column\"><div ><a class=\"fusion-button button-flat fusion-button-default-size button-default fusion-button-default button-2 fusion-button-span-yes fusion-button-default-type\" target=\"_blank\" rel=\"noopener noreferrer\" href=\"https:\/\/cadwork.de\/wp-content\/uploads\/2025\/08\/Info_Kunden_DSGVO.pdf\"><i class=\"fa-info-circle fas awb-button__icon awb-button__icon--default button-icon-left\" aria-hidden=\"true\"><\/i><span class=\"fusion-button-text awb-button__text awb-button__text--default\">Datenschutzverordnung<\/span><\/a><\/div><\/div><\/div><div class=\"fusion-layout-column fusion_builder_column fusion-builder-column-4 fusion_builder_column_1_4 1_4 fusion-flex-column\" style=\"--awb-bg-size:cover;--awb-width-large:25%;--awb-margin-top-large:0px;--awb-spacing-right-large:7.68%;--awb-margin-bottom-large:20px;--awb-spacing-left-large:7.68%;--awb-width-medium:25%;--awb-order-medium:0;--awb-spacing-right-medium:7.68%;--awb-spacing-left-medium:7.68%;--awb-width-small:100%;--awb-order-small:0;--awb-spacing-right-small:1.92%;--awb-spacing-left-small:1.92%;\"><div class=\"fusion-column-wrapper fusion-column-has-shadow fusion-flex-justify-content-flex-start fusion-content-layout-column\"><div ><a class=\"fusion-button button-flat fusion-button-default-size button-default fusion-button-default button-3 fusion-button-span-yes fusion-button-default-type\" target=\"_blank\" rel=\"noopener noreferrer\" href=\"https:\/\/cadwork.de\/wp-content\/uploads\/2025\/09\/Installationsanleitung_V2025_de-1.pdf\"><i class=\"fa-question-circle fas awb-button__icon awb-button__icon--default button-icon-left\" aria-hidden=\"true\"><\/i><span class=\"fusion-button-text awb-button__text awb-button__text--default\">Installationsanleitung<\/span><\/a><\/div><\/div><\/div><div class=\"fusion-layout-column fusion_builder_column fusion-builder-column-5 fusion_builder_column_1_4 1_4 fusion-flex-column\" style=\"--awb-bg-size:cover;--awb-width-large:25%;--awb-margin-top-large:0px;--awb-spacing-right-large:7.68%;--awb-margin-bottom-large:20px;--awb-spacing-left-large:7.68%;--awb-width-medium:25%;--awb-order-medium:0;--awb-spacing-right-medium:7.68%;--awb-spacing-left-medium:7.68%;--awb-width-small:100%;--awb-order-small:0;--awb-spacing-right-small:1.92%;--awb-spacing-left-small:1.92%;\"><div class=\"fusion-column-wrapper fusion-column-has-shadow fusion-flex-justify-content-flex-start fusion-content-layout-column\"><div ><a class=\"fusion-button button-flat fusion-button-default-size button-default fusion-button-default button-4 fusion-button-span-yes fusion-button-default-type\" target=\"_blank\" rel=\"noopener noreferrer\" href=\"https:\/\/cadwork.de\/wp-content\/uploads\/2025\/08\/Infoblatt_Tastaturoptionen.pdf\"><i class=\"fa-keyboard fas awb-button__icon awb-button__icon--default button-icon-left\" aria-hidden=\"true\"><\/i><span class=\"fusion-button-text awb-button__text awb-button__text--default\">Tastaturbelegung<\/span><\/a><\/div><\/div><\/div><\/div><\/div><\/p>\n","protected":false},"excerpt":{"rendered":"","protected":false},"author":37,"featured_media":0,"parent":0,"menu_order":0,"comment_status":"closed","ping_status":"open","template":"100-width.php","meta":{"_price":"","_stock":"","_tribe_ticket_header":"","_tribe_default_ticket_provider":"","_tribe_ticket_capacity":"0","_ticket_start_date":"","_ticket_end_date":"","_tribe_ticket_show_description":"","_tribe_ticket_show_not_going":false,"_tribe_ticket_use_global_stock":"","_tribe_ticket_global_stock_level":"","_global_stock_mode":"","_global_stock_cap":"","_tribe_rsvp_for_event":"","_tribe_ticket_going_count":"","_tribe_ticket_not_going_count":"","_tribe_tickets_list":[],"_tribe_ticket_has_attendee_info_fields":false,"footnotes":"","_expiration-date-status":"","_expiration-date":0,"_expiration-date-type":"","_expiration-date-categories":[],"_expiration-date-options":[]},"class_list":["post-16982","page","type-page","status-publish","hentry"],"acf":[],"_links":{"self":[{"href":"https:\/\/cadwork.de\/it\/wp-json\/wp\/v2\/pages\/16982","targetHints":{"allow":["GET"]}}],"collection":[{"href":"https:\/\/cadwork.de\/it\/wp-json\/wp\/v2\/pages"}],"about":[{"href":"https:\/\/cadwork.de\/it\/wp-json\/wp\/v2\/types\/page"}],"author":[{"embeddable":true,"href":"https:\/\/cadwork.de\/it\/wp-json\/wp\/v2\/users\/37"}],"replies":[{"embeddable":true,"href":"https:\/\/cadwork.de\/it\/wp-json\/wp\/v2\/comments?post=16982"}],"version-history":[{"count":6,"href":"https:\/\/cadwork.de\/it\/wp-json\/wp\/v2\/pages\/16982\/revisions"}],"predecessor-version":[{"id":20815,"href":"https:\/\/cadwork.de\/it\/wp-json\/wp\/v2\/pages\/16982\/revisions\/20815"}],"wp:attachment":[{"href":"https:\/\/cadwork.de\/it\/wp-json\/wp\/v2\/media?parent=16982"}],"curies":[{"name":"wp","href":"https:\/\/api.w.org\/{rel}","templated":true}]}}