{"id":4992,"date":"2021-09-27T15:29:57","date_gmt":"2021-09-27T13:29:57","guid":{"rendered":"https:\/\/cadwork.de\/?page_id=4992"},"modified":"2022-07-28T07:59:52","modified_gmt":"2022-07-28T05:59:52","slug":"probeinstallation","status":"publish","type":"page","link":"https:\/\/cadwork.de\/it\/probeinstallation\/","title":{"rendered":"Probeinstallation"},"content":{"rendered":"<p><div class=\"fusion-bg-parallax\" data-bg-align=\"center center\" data-direction=\"down\" data-mute=\"false\" data-opacity=\"100\" data-velocity=\"-0.3\" data-mobile-enabled=\"false\" data-break_parents=\"0\" data-bg-image=\"https:\/\/cadwork.de\/wp-content\/uploads\/2021\/01\/cad-head-unternehmen.jpg\" data-bg-repeat=\"false\" data-bg-color=\"#000000\" ><\/div><div class=\"fusion-fullwidth fullwidth-box fusion-builder-row-1 fusion-flex-container fusion-parallax-down nonhundred-percent-fullwidth non-hundred-percent-height-scrolling whitefont headtwo\" style=\"--awb-border-radius-top-left:0px;--awb-border-radius-top-right:0px;--awb-border-radius-bottom-right:0px;--awb-border-radius-bottom-left:0px;--awb-background-color:#000000;--awb-background-image:url(&quot;https:\/\/cadwork.de\/wp-content\/uploads\/2021\/01\/cad-head-unternehmen.jpg&quot;);--awb-background-size:cover;--awb-flex-wrap:wrap;\" ><div class=\"fusion-builder-row fusion-row fusion-flex-align-items-center fusion-flex-justify-content-center fusion-flex-content-wrap\" style=\"max-width:1248px;margin-left: calc(-4% \/ 2 );margin-right: calc(-4% \/ 2 );\"><div class=\"fusion-layout-column fusion_builder_column fusion-builder-column-0 fusion_builder_column_1_1 1_1 fusion-flex-column\" style=\"--awb-bg-size:cover;--awb-width-large:100%;--awb-margin-top-large:0px;--awb-spacing-right-large:1.92%;--awb-margin-bottom-large:0px;--awb-spacing-left-large:1.92%;--awb-width-medium:100%;--awb-spacing-right-medium:1.92%;--awb-spacing-left-medium:1.92%;--awb-width-small:100%;--awb-spacing-right-small:1.92%;--awb-spacing-left-small:1.92%;\"><div class=\"fusion-column-wrapper fusion-flex-justify-content-flex-start fusion-content-layout-column\"><div class=\"fusion-text fusion-text-1\"><h1 style=\"text-align: center;\">Die zweimonatige cadwork Probeinstallation<\/h1>\n<\/div><\/div><\/div><\/div><\/div><div class=\"fusion-fullwidth fullwidth-box fusion-builder-row-2 fusion-flex-container nonhundred-percent-fullwidth non-hundred-percent-height-scrolling\" style=\"--awb-background-blend-mode:screen;--awb-border-radius-top-left:0px;--awb-border-radius-top-right:0px;--awb-border-radius-bottom-right:0px;--awb-border-radius-bottom-left:0px;--awb-padding-top:70px;--awb-padding-bottom:40px;--awb-background-image:linear-gradient(180deg, rgba(204,222,229,0.4) 0%,rgba(255,255,255,0) 20%);--awb-flex-wrap:wrap;\" ><div class=\"fusion-builder-row fusion-row fusion-flex-align-items-flex-start fusion-flex-content-wrap\" style=\"max-width:1248px;margin-left: calc(-4% \/ 2 );margin-right: calc(-4% \/ 2 );\"><div class=\"fusion-layout-column fusion_builder_column fusion-builder-column-1 fusion_builder_column_2_5 2_5 fusion-flex-column fusion-flex-align-self-flex-start\" style=\"--awb-bg-size:cover;--awb-width-large:40%;--awb-margin-top-large:0px;--awb-spacing-right-large:4.8%;--awb-margin-bottom-large:20px;--awb-spacing-left-large:4.8%;--awb-width-medium:40%;--awb-order-medium:0;--awb-spacing-right-medium:4.8%;--awb-spacing-left-medium:4.8%;--awb-width-small:100%;--awb-order-small:0;--awb-spacing-right-small:1.92%;--awb-spacing-left-small:1.92%;\"><div class=\"fusion-column-wrapper fusion-column-has-shadow fusion-flex-justify-content-center fusion-content-layout-column\"><div class=\"fusion-image-element \" style=\"text-align:center;--awb-caption-title-font-family:var(--h2_typography-font-family);--awb-caption-title-font-weight:var(--h2_typography-font-weight);--awb-caption-title-font-style:var(--h2_typography-font-style);--awb-caption-title-size:var(--h2_typography-font-size);--awb-caption-title-transform:var(--h2_typography-text-transform);--awb-caption-title-line-height:var(--h2_typography-line-height);--awb-caption-title-letter-spacing:var(--h2_typography-letter-spacing);\"><span class=\" fusion-imageframe imageframe-none imageframe-1 hover-type-none\" style=\"border:2px solid #ffffff;\"><img decoding=\"async\" width=\"600\" height=\"388\" title=\"ci-Training-600\" src=\"https:\/\/cadwork.de\/wp-content\/uploads\/2021\/09\/ci-Training-600.jpg\" alt class=\"img-responsive wp-image-5030\" srcset=\"https:\/\/cadwork.de\/wp-content\/uploads\/2021\/09\/ci-Training-600-200x129.jpg 200w, https:\/\/cadwork.de\/wp-content\/uploads\/2021\/09\/ci-Training-600-400x259.jpg 400w, https:\/\/cadwork.de\/wp-content\/uploads\/2021\/09\/ci-Training-600.jpg 600w\" sizes=\"(max-width: 640px) 100vw, 600px\" \/><\/span><\/div><\/div><\/div><div class=\"fusion-layout-column fusion_builder_column fusion-builder-column-2 fusion_builder_column_3_5 3_5 fusion-flex-column\" style=\"--awb-padding-top:0px;--awb-padding-bottom:0px;--awb-bg-size:cover;--awb-width-large:60%;--awb-margin-top-large:0px;--awb-spacing-right-large:3.2%;--awb-margin-bottom-large:20px;--awb-spacing-left-large:3.2%;--awb-width-medium:60%;--awb-order-medium:0;--awb-spacing-right-medium:3.2%;--awb-spacing-left-medium:3.2%;--awb-width-small:100%;--awb-order-small:0;--awb-spacing-right-small:1.92%;--awb-spacing-left-small:1.92%;\"><div class=\"fusion-column-wrapper fusion-column-has-shadow fusion-flex-justify-content-flex-start fusion-content-layout-column\"><div class=\"fusion-title title fusion-title-1 fusion-sep-none fusion-title-text fusion-title-size-div\" style=\"--awb-text-color:#1f3c90;--awb-font-size:24px;\"><div class=\"fusion-title-heading title-heading-left title-heading-tag fusion-responsive-typography-calculated\" style=\"margin:0;font-size:1em;--fontSize:24;line-height:1.4;\"><h6>Sie m\u00f6chten cadwork zwei Monate testen?<\/h6>\n<h6>Erleben Sie das praktische Arbeiten mit diesem hervorragenden Werkzeug und die ausgezeichnete Unterst\u00fctzung durch den Support.<\/h6>\n<h6>Die g\u00fcnstige Einf\u00fchrungsschulung und die anschlie\u00dfende kostenlose Probeinstallation der cadwork Vollversion werden Sie \u00fcberzeugen!<\/h6><\/div><\/div><\/div><\/div><\/div><\/div><div class=\"fusion-fullwidth fullwidth-box fusion-builder-row-3 fusion-flex-container nonhundred-percent-fullwidth non-hundred-percent-height-scrolling\" style=\"--awb-background-blend-mode:screen;--awb-border-radius-top-left:0px;--awb-border-radius-top-right:0px;--awb-border-radius-bottom-right:0px;--awb-border-radius-bottom-left:0px;--awb-padding-top:70px;--awb-padding-bottom:40px;--awb-background-image:linear-gradient(180deg, rgba(204,222,229,0.4) 0%,rgba(255,255,255,0) 20%);--awb-flex-wrap:wrap;\" ><div class=\"fusion-builder-row fusion-row fusion-flex-align-items-flex-start fusion-flex-content-wrap\" style=\"max-width:1248px;margin-left: calc(-4% \/ 2 );margin-right: calc(-4% \/ 2 );\"><div class=\"fusion-layout-column fusion_builder_column fusion-builder-column-3 fusion_builder_column_3_4 3_4 fusion-flex-column\" style=\"--awb-padding-top:0px;--awb-padding-bottom:0px;--awb-bg-size:cover;--awb-width-large:75%;--awb-margin-top-large:0px;--awb-spacing-right-large:2.56%;--awb-margin-bottom-large:20px;--awb-spacing-left-large:2.56%;--awb-width-medium:75%;--awb-order-medium:0;--awb-spacing-right-medium:2.56%;--awb-spacing-left-medium:2.56%;--awb-width-small:100%;--awb-order-small:0;--awb-spacing-right-small:1.92%;--awb-spacing-left-small:1.92%;\"><div class=\"fusion-column-wrapper fusion-column-has-shadow fusion-flex-justify-content-flex-start fusion-content-layout-column\"><div class=\"fusion-text fusion-text-2\"><div class=\"spaltel\">\n<h2>cadwork und den Support testen<\/h2>\n<\/div>\n<\/div><div class=\"fusion-text fusion-text-3\"><h4><strong>Voraussetzungen und Ablauf der cadwork Probeinstallation<\/strong><\/h4>\n<ul>\n<li>Sie ben\u00f6tigen ein aktuelles 64-Bit Betriebssystem. Unterst\u00fctzt werden Windows\u00ae 11, Windows\u00ae 10 und Windows\u00ae 8.1<\/li>\n<\/ul>\n<ul>\n<li>Melden Sie sich zu einer der zweit\u00e4gigen Einf\u00fchrungsschulungen an. Sie erwerben in der Schulung das Grundverst\u00e4ndnis f\u00fcr die Funktionsweise des Programms und erleben beim eigenen Konstruieren wie schnell, praxisnah und einfach das Arbeiten mit cadwork ist. Anhand kleiner Projekte \u00fcben wir das freie Konstruieren und Bearbeiten unterschiedlicher 3D-Modelle, die Listenausgabe f\u00fcr die Holzbestellung\/Produktion und das Erstellen aussagekr\u00e4ftiger Pl\u00e4ne.<\/li>\n<\/ul>\n<ul>\n<li>Die kostenpflichtigen Einf\u00fchrungsschulungen finden wahlweise online oder in Pr\u00e4senz statt. Die Teilnehmerzahl ist auf 5 Personen begrenzt.<\/li>\n<\/ul>\n<ul>\n<li>Nach der Anmeldung zur Schulung senden wir Ihnen eine E-Mail mit allen notwendigen Infos und dem Link zur Installation der cadwork Vollversion zu.<\/li>\n<\/ul>\n<ul>\n<li>F\u00fcr die zweimonatige Probeinstallation schalten wir Ihnen standardm\u00e4\u00dfig das komplette cadwork Holzbaupaket mit den Modulen 2D, 3D, Listenberechnung\/Planausgabe und IFC frei.<\/li>\n<\/ul>\n<ul>\n<li>Dinge, die Sie dar\u00fcber hinaus testen m\u00f6chten, wie beispielsweise die Ausgabe der Daten an Ihre Abbundanlage, gehen wir mit Ihnen im Rahmen des Supports Schritt f\u00fcr Schritt durch. Sie werden auch von den M\u00f6glichkeiten und der Qualit\u00e4t der cadwork Maschinenansteuerung begeistert sein.<\/li>\n<\/ul>\n<ul>\n<li>W\u00e4hrend der Probeinstallation steht Ihnen unser cadwork Support-Team mit Rat und Tat zur Verf\u00fcgung. So testen Sie nicht nur die Software auf Herz und Nieren, sondern erleben gleichzeitig auch, wie unglaublich schnell und kompetent unsere Hilfe bei Fragen, W\u00fcnschen und Problemen ist.<\/li>\n<\/ul>\n<ul>\n<li>Neben E-Mails und Hotline arbeiten wir im Support sehr gerne mit dem Fernwartungstool TeamViewer. So k\u00f6nnen wir uns bei Bedarf auf Ihren Rechner schalten und Ihre Fragen an Ihrem konkreten Projekt beantworten.<\/li>\n<\/ul>\n<p><strong>Schon im Rahmen der Schulung werden Sie erkennen, welche unglaublichen M\u00f6glichkeiten cadwork bietet. Nach zwei Monaten entscheiden Sie sich f\u00fcr eine Softwarel\u00f6sung, die Ihnen bereits vertraut ist und von der Sie wissen, dass sie durchg\u00e4ngig funktioniert.<\/strong><\/p>\n<h4>Sie haben weitere Fragen oder wollen mit der Probeinstallation starten? Nutzen Sie das Kontaktformular oder w\u00e4hlen Sie +49 (5121) 919990.<\/h4>\n<\/div><\/div><\/div><div class=\"fusion-layout-column fusion_builder_column fusion-builder-column-4 fusion_builder_column_1_4 1_4 fusion-flex-column fusion-flex-align-self-flex-start\" style=\"--awb-padding-top:4%;--awb-padding-right:5%;--awb-padding-bottom:7%;--awb-padding-left:5%;--awb-bg-size:cover;--awb-width-large:25%;--awb-margin-top-large:0px;--awb-spacing-right-large:0px;--awb-margin-bottom-large:0px;--awb-spacing-left-large:0px;--awb-width-medium:25%;--awb-order-medium:0;--awb-spacing-right-medium:0px;--awb-spacing-left-medium:0px;--awb-width-small:100%;--awb-order-small:0;--awb-spacing-right-small:1.92%;--awb-spacing-left-small:1.92%;\"><div class=\"fusion-column-wrapper fusion-column-has-shadow fusion-flex-justify-content-center fusion-content-layout-column\"><div ><a class=\"fusion-button button-flat fusion-button-default-size button-default fusion-button-default button-1 fusion-button-default-span fusion-button-default-type\" target=\"_self\" href=\"https:\/\/cadwork.de\/kontakt\/\"><span class=\"fusion-button-text awb-button__text awb-button__text--default\">Probeinstallation beantragen<\/span><\/a><\/div><\/div><\/div><\/div><\/div><\/p>\n","protected":false},"excerpt":{"rendered":"","protected":false},"author":37,"featured_media":0,"parent":0,"menu_order":0,"comment_status":"closed","ping_status":"open","template":"100-width.php","meta":{"_price":"","_stock":"","_tribe_ticket_header":"","_tribe_default_ticket_provider":"","_tribe_ticket_capacity":"0","_ticket_start_date":"","_ticket_end_date":"","_tribe_ticket_show_description":"","_tribe_ticket_show_not_going":false,"_tribe_ticket_use_global_stock":"","_tribe_ticket_global_stock_level":"","_global_stock_mode":"","_global_stock_cap":"","_tribe_rsvp_for_event":"","_tribe_ticket_going_count":"","_tribe_ticket_not_going_count":"","_tribe_tickets_list":[],"_tribe_ticket_has_attendee_info_fields":false,"footnotes":"","_expiration-date-status":"","_expiration-date":0,"_expiration-date-type":"","_expiration-date-categories":[],"_expiration-date-options":[]},"class_list":["post-4992","page","type-page","status-publish","hentry"],"acf":[],"_links":{"self":[{"href":"https:\/\/cadwork.de\/it\/wp-json\/wp\/v2\/pages\/4992","targetHints":{"allow":["GET"]}}],"collection":[{"href":"https:\/\/cadwork.de\/it\/wp-json\/wp\/v2\/pages"}],"about":[{"href":"https:\/\/cadwork.de\/it\/wp-json\/wp\/v2\/types\/page"}],"author":[{"embeddable":true,"href":"https:\/\/cadwork.de\/it\/wp-json\/wp\/v2\/users\/37"}],"replies":[{"embeddable":true,"href":"https:\/\/cadwork.de\/it\/wp-json\/wp\/v2\/comments?post=4992"}],"version-history":[{"count":1,"href":"https:\/\/cadwork.de\/it\/wp-json\/wp\/v2\/pages\/4992\/revisions"}],"predecessor-version":[{"id":8023,"href":"https:\/\/cadwork.de\/it\/wp-json\/wp\/v2\/pages\/4992\/revisions\/8023"}],"wp:attachment":[{"href":"https:\/\/cadwork.de\/it\/wp-json\/wp\/v2\/media?parent=4992"}],"curies":[{"name":"wp","href":"https:\/\/api.w.org\/{rel}","templated":true}]}}