{"id":12949,"date":"2023-06-22T16:54:39","date_gmt":"2023-06-22T14:54:39","guid":{"rendered":"https:\/\/cadwork.de\/?page_id=12949"},"modified":"2023-06-23T11:52:55","modified_gmt":"2023-06-23T09:52:55","slug":"cadwork-version-30-set-up","status":"publish","type":"page","link":"https:\/\/cadwork.de\/ru\/cadwork-version-30-set-up\/","title":{"rendered":"cadwork version 30 set-up"},"content":{"rendered":"<p><div class=\"fusion-bg-parallax\" data-bg-align=\"center center\" data-direction=\"down\" data-mute=\"false\" data-opacity=\"100\" data-velocity=\"-0.3\" data-mobile-enabled=\"false\" data-break_parents=\"0\" data-bg-image=\"https:\/\/cadwork.de\/wp-content\/uploads\/2021\/01\/cad-head-unternehmen.jpg\" data-bg-repeat=\"false\" data-bg-color=\"#000000\" ><\/div><div class=\"fusion-fullwidth fullwidth-box fusion-builder-row-1 fusion-flex-container fusion-parallax-down nonhundred-percent-fullwidth non-hundred-percent-height-scrolling whitefont headtwo\" style=\"--awb-border-radius-top-left:0px;--awb-border-radius-top-right:0px;--awb-border-radius-bottom-right:0px;--awb-border-radius-bottom-left:0px;--awb-background-color:#000000;--awb-background-image:url(&quot;https:\/\/cadwork.de\/wp-content\/uploads\/2021\/01\/cad-head-unternehmen.jpg&quot;);--awb-background-size:cover;--awb-flex-wrap:wrap;\" ><div class=\"fusion-builder-row fusion-row fusion-flex-align-items-center fusion-flex-justify-content-center fusion-flex-content-wrap\" style=\"max-width:1248px;margin-left: calc(-4% \/ 2 );margin-right: calc(-4% \/ 2 );\"><div class=\"fusion-layout-column fusion_builder_column fusion-builder-column-0 fusion_builder_column_1_1 1_1 fusion-flex-column\" style=\"--awb-bg-size:cover;--awb-width-large:100%;--awb-margin-top-large:0px;--awb-spacing-right-large:1.92%;--awb-margin-bottom-large:0px;--awb-spacing-left-large:1.92%;--awb-width-medium:100%;--awb-spacing-right-medium:1.92%;--awb-spacing-left-medium:1.92%;--awb-width-small:100%;--awb-spacing-right-small:1.92%;--awb-spacing-left-small:1.92%;\"><div class=\"fusion-column-wrapper fusion-flex-justify-content-flex-start fusion-content-layout-column\"><div class=\"fusion-text fusion-text-1\"><h1 style=\"text-align: center;\">cadwork Version 30<\/h1>\n<\/div><\/div><\/div><\/div><\/div><div class=\"fusion-fullwidth fullwidth-box fusion-builder-row-2 fusion-flex-container nonhundred-percent-fullwidth non-hundred-percent-height-scrolling\" style=\"--awb-background-blend-mode:screen;--awb-border-radius-top-left:0px;--awb-border-radius-top-right:0px;--awb-border-radius-bottom-right:0px;--awb-border-radius-bottom-left:0px;--awb-padding-top:70px;--awb-padding-bottom:40px;--awb-background-image:linear-gradient(180deg, rgba(204,222,229,0.4) 0%,rgba(255,255,255,0) 20%);--awb-flex-wrap:wrap;\" ><div class=\"fusion-builder-row fusion-row fusion-flex-align-items-flex-start fusion-flex-content-wrap\" style=\"max-width:1248px;margin-left: calc(-4% \/ 2 );margin-right: calc(-4% \/ 2 );\"><div class=\"fusion-layout-column fusion_builder_column fusion-builder-column-1 fusion_builder_column_1_1 1_1 fusion-flex-column fusion-flex-align-self-center\" style=\"--awb-padding-top:0px;--awb-bg-size:cover;--awb-width-large:100%;--awb-margin-top-large:0px;--awb-spacing-right-large:0%;--awb-margin-bottom-large:20px;--awb-spacing-left-large:0%;--awb-width-medium:100%;--awb-order-medium:0;--awb-spacing-right-medium:0%;--awb-spacing-left-medium:0%;--awb-width-small:100%;--awb-order-small:0;--awb-spacing-right-small:1.92%;--awb-spacing-left-small:1.92%;\"><div class=\"fusion-column-wrapper fusion-column-has-shadow fusion-flex-justify-content-center fusion-content-layout-row\"><div style=\"text-align:center;\"><a class=\"fusion-button button-flat button-xlarge button-default fusion-button-default button-1 fusion-button-span-no \" style=\"--button-border-radius-top-left:0;--button-border-radius-top-right:0;--button-border-radius-bottom-right:0;--button-border-radius-bottom-left:0;--button_text_transform:uppercase;\" target=\"_self\" href=\"https:\/\/cadworkdownload.com\/30\/cwsetup.exe\" rel=\"noopener\"><span class=\"fusion-button-text awb-button__text awb-button__text--default\">Download Version 30<\/span><i class=\"fa-download fas awb-button__icon awb-button__icon--default button-icon-right\" aria-hidden=\"true\"><\/i><\/a><\/div><\/div><\/div><div class=\"fusion-layout-column fusion_builder_column fusion-builder-column-2 fusion_builder_column_1_1 1_1 fusion-flex-column\" style=\"--awb-padding-top:0px;--awb-padding-bottom:0px;--awb-bg-size:cover;--awb-width-large:100%;--awb-margin-top-large:0px;--awb-spacing-right-large:1.92%;--awb-margin-bottom-large:0px;--awb-spacing-left-large:3.552%;--awb-width-medium:100%;--awb-order-medium:0;--awb-spacing-right-medium:1.92%;--awb-spacing-left-medium:3.552%;--awb-width-small:100%;--awb-order-small:0;--awb-spacing-right-small:1.92%;--awb-spacing-left-small:1.92%;\"><div class=\"fusion-column-wrapper fusion-column-has-shadow fusion-flex-justify-content-flex-start fusion-content-layout-column\"><div class=\"fusion-title title fusion-title-1 fusion-sep-none fusion-title-text fusion-title-size-div\" style=\"--awb-text-color:#001133;--awb-font-size:16px;\"><div class=\"fusion-title-heading title-heading-left title-heading-tag fusion-responsive-typography-calculated\" style=\"margin:0;font-size:1em;--fontSize:16;--minFontSize:16;line-height:1.4;\"><strong>Bitte beachten Sie die folgenden Voraussetzungen f\u00fcr eine erfolgreiche Installation:<\/strong><\/div><\/div><\/div><\/div><div class=\"fusion-layout-column fusion_builder_column fusion-builder-column-3 fusion_builder_column_1_1 1_1 fusion-flex-column\" style=\"--awb-padding-top:0px;--awb-padding-bottom:0px;--awb-bg-size:cover;--awb-width-large:100%;--awb-margin-top-large:0px;--awb-spacing-right-large:1.92%;--awb-margin-bottom-large:20px;--awb-spacing-left-large:1.92%;--awb-width-medium:100%;--awb-order-medium:0;--awb-spacing-right-medium:1.92%;--awb-spacing-left-medium:1.92%;--awb-width-small:100%;--awb-order-small:0;--awb-spacing-right-small:1.92%;--awb-spacing-left-small:1.92%;\"><div class=\"fusion-column-wrapper fusion-column-has-shadow fusion-flex-justify-content-flex-start fusion-content-layout-column\"><div class=\"fusion-title title fusion-title-2 fusion-sep-none fusion-title-text fusion-title-size-div\" style=\"--awb-text-color:#001133;--awb-font-size:16px;\"><div class=\"fusion-title-heading title-heading-left title-heading-tag fusion-responsive-typography-calculated\" style=\"margin:0;font-size:1em;--fontSize:16;--minFontSize:16;line-height:1.4;\"><ul>\n<li><span style=\"font-size: 1em; font-family: var(--body_typography-font-family); font-style: var(--body_typography-font-style,normal); font-weight: var(--body_typography-font-weight); letter-spacing: var(--body_typography-letter-spacing); background-color: rgba(255, 255, 255, 0);\">Sie ben\u00f6tigen ein aktuelles 64-Bit Betriebssystem. Unterst\u00fctzt werden Windows\u00ae 11, 10 und Windows\u00ae 8.1. Die aktuellen <\/span><a style=\"font-size: 1em; font-family: var(--body_typography-font-family); font-style: var(--body_typography-font-style,normal); font-weight: var(--body_typography-font-weight); letter-spacing: var(--body_typography-letter-spacing); background-color: rgba(255, 255, 255, 0); color: #1f3c90;\" href=\"https:\/\/cadwork.de\/knowledgebase\/systemanforderungen-ab-cadwork-version-30\/\" target=\"_blank\" rel=\"noopener noreferrer\"><b><u>Systemvoraussetzungen<\/u><\/b><\/a><span style=\"font-size: 1em; font-family: var(--body_typography-font-family); font-style: var(--body_typography-font-style,normal); font-weight: var(--body_typography-font-weight); letter-spacing: var(--body_typography-letter-spacing); background-color: rgba(255, 255, 255, 0);\"> sind auf unserer Internetseite ver\u00f6ffentlicht. Vergewissern Sie sich, dass alle empfohlenen und optionalen Updates von Windows installiert sind. Sollten Sie diese l\u00e4nger nicht durchgef\u00fchrt haben, ist es ratsam das Windows-Update wiederholt aufzurufen, da einige Updates kumulativ sind.<\/span><\/li>\n<li style=\"list-style-type: none;\"><\/li>\n<li><span style=\"font-size: 1em; font-family: var(--body_typography-font-family); font-style: var(--body_typography-font-style,normal); font-weight: var(--body_typography-font-weight); letter-spacing: var(--body_typography-letter-spacing); background-color: rgba(255, 255, 255, 0);\">Das cadwork userprofil_29 wird bei der Installation kopiert und in userprofil_30 umbenannt. Darin enthaltene 3D-Dateien (Init-Dateien) sowie Katalogdateien (*.3dc), beispielsweise Ihre Elementbaudetails, k\u00f6nnen im Anschluss an die Installation optional in das neue Datenbankformat konvertiert werden.<\/span><br style=\"font-size: 1em; font-family: var(--body_typography-font-family); font-style: var(--body_typography-font-style,normal); font-weight: var(--body_typography-font-weight); letter-spacing: var(--body_typography-letter-spacing); background-color: rgba(255, 255, 255, 0);\" \/><strong style=\"font-size: 1em; font-family: var(--body_typography-font-family); font-style: var(--body_typography-font-style,normal); letter-spacing: var(--body_typography-letter-spacing); background-color: rgba(255, 255, 255, 0);\"><strong>Denken Sie unbedingt daran, vor der Installation ein Backup Ihres Userprofils zu erstellen!<\/strong><\/strong><\/li>\n<li style=\"list-style-type: none;\"><\/li>\n<li><span style=\"background-color: rgba(255, 255, 255, 0); font-family: var(--body_typography-font-family); font-size: 1em; font-style: var(--body_typography-font-style,normal); font-weight: var(--body_typography-font-weight); letter-spacing: var(--body_typography-letter-spacing);\">cadwork hat die Grafikkarte eine entscheidende Bedeutung. Stellen Sie deshalb sicher, dass der Grafikkartentreiber aktuell ist. Die Aktualisierung sollte unbedingt \u00fcber den Downloadbereich des Grafikkartenherstellers und nicht \u00fcber die Funktion \u201eTreiber aktualisieren\u201c im Windows erfolgen.<\/span><\/li>\n<li style=\"list-style-type: none;\"><\/li>\n<li><span style=\"font-size: 1em; font-family: var(--body_typography-font-family); font-style: var(--body_typography-font-style,normal); font-weight: var(--body_typography-font-weight); letter-spacing: var(--body_typography-letter-spacing); background-color: rgba(255, 255, 255, 0);\">Ber\u00fccksichtigen Sie bei der Installation, dass <\/span><b style=\"font-size: 1em; font-family: var(--body_typography-font-family); font-style: var(--body_typography-font-style,normal); letter-spacing: var(--body_typography-letter-spacing); background-color: rgba(255, 255, 255, 0);\">Ihre Kundennummer<\/b><span style=\"font-size: 1em; font-family: var(--body_typography-font-family); font-style: var(--body_typography-font-style,normal); font-weight: var(--body_typography-font-weight); letter-spacing: var(--body_typography-letter-spacing); background-color: rgba(255, 255, 255, 0);\"> in den Kundendaten eingetragen ist. Die richtige Kundennummer ist Voraussetzung daf\u00fcr, dass der Download des neuen Freischaltcodes nach der Installation erfolgreich verl\u00e4uft.<\/span><\/li>\n<li style=\"list-style-type: none;\"><\/li>\n<li><span style=\"background-color: rgba(255, 255, 255, 0); font-family: var(--body_typography-font-family); font-size: 1em; font-style: var(--body_typography-font-style,normal); font-weight: var(--body_typography-font-weight); letter-spacing: var(--body_typography-letter-spacing);\">Da die Version 30 stetig weiter optimiert wird, sollten Sie regelm\u00e4\u00dfig \u00fcber das Live-Update den neuesten Versionsstand herunterladen. Die Mitteilungszentrale informiert Sie \u00fcber jedes neue Build. Die Aktivierung der Mitteilungszentrale entnehmen Sie bitte der Dokumentation.<\/span><\/li>\n<li style=\"list-style-type: none;\"><\/li>\n<li><span style=\"font-size: 1em; background-color: rgba(255, 255, 255, 0); font-family: var(--body_typography-font-family); font-style: var(--body_typography-font-style,normal); font-weight: var(--body_typography-font-weight); letter-spacing: var(--body_typography-letter-spacing);\">Bitte leiten Sie diese Seite an alle Mitarbeitenden weiter, die ebenfalls mit dem cadwork arbeiten. Erst nach Installation der neuen Version auf allen Arbeitspl\u00e4tzen sollten Sie die pers\u00f6nlichen Katalogdateien auf das neue Datenbankformat konvertieren. Die Vorgehensweise ist am Ende der beiliegenden Installationsanleitung beschrieben.<\/span><\/li>\n<\/ul><\/div><\/div><\/div><\/div><div class=\"fusion-layout-column fusion_builder_column fusion-builder-column-4 fusion_builder_column_3_5 3_5 fusion-flex-column\" style=\"--awb-padding-top:0px;--awb-padding-bottom:0px;--awb-bg-size:cover;--awb-width-large:60%;--awb-margin-top-large:0px;--awb-spacing-right-large:0%;--awb-margin-bottom-large:20px;--awb-spacing-left-large:8%;--awb-width-medium:60%;--awb-order-medium:0;--awb-spacing-right-medium:0%;--awb-spacing-left-medium:8%;--awb-width-small:100%;--awb-order-small:0;--awb-spacing-right-small:1.92%;--awb-spacing-left-small:1.92%;\"><div class=\"fusion-column-wrapper fusion-column-has-shadow fusion-flex-justify-content-flex-start fusion-content-layout-column\"><div class=\"fusion-title title fusion-title-3 fusion-sep-none fusion-title-text fusion-title-size-div\" style=\"--awb-text-color:#001133;--awb-font-size:16px;\"><div class=\"fusion-title-heading title-heading-left title-heading-tag fusion-responsive-typography-calculated\" style=\"margin:0;font-size:1em;--fontSize:16;--minFontSize:16;line-height:1.56;\">Die <b><u><a style=\"color: #1f3c90;\" href=\"https:\/\/cadwork.de\/wp-content\/uploads\/2023\/04\/News-cadwork-Version-30.pdf\" target=\"_blank\" rel=\"noopener noreferrer\">Neuigkeiten der Version 30<\/a><\/u><\/b> sind vollst\u00e4ndig in den Neuerungen Version 30 zusammengefasst und werden durch eine stetig wachsende <b><u><a style=\"color: #1f3c90;\" href=\"https:\/\/www.youtube.com\/playlist?list=PLwLRqrFC_H_PLGbdyV1V9Tk-GwqCxfItt\" target=\"_blank\" rel=\"noopener noreferrer\">Videodokumentation<\/a><\/u><\/b> erg\u00e4nzt.<br \/>\n<span style=\"font-weight: var(--body_typography-font-weight);\">Mit der weiter verfeinerten Verwaltung von Katalogen und Userprofil k\u00f6nnen Sie die von uns zur Verf\u00fcgung gestellten Standard- und Layoutdateien selbst verwalten. Damit wird festgelegt, ob diese aktualisiert werden oder nicht. <\/span><br \/>\n<span style=\"font-weight: var(--body_typography-font-weight);\">Auf diese Weise arbeiten Sie mit einem \u00fcbersichtlichen Userprofil, das nur Ihre selbst erstellten Dateien und die von Ihnen ausgew\u00e4hlten cadwork Standards enth\u00e4lt.<br \/>\n<\/span><span style=\"font-weight: var(--body_typography-font-weight);\">N\u00e4here Infos hierzu finden Sie in dem <\/span><a href=\"https:\/\/cadwork.de\/knowledgebase\/news-zur-cadwork-version-30\/\" target=\"_blank\" rel=\"noopener noreferrer\"><b><u><span style=\"color: #1f3c90;\">Kompendium zur Version 30<\/span><\/u><\/b><\/a><span style=\"font-weight: var(--body_typography-font-weight);\">.<br \/>\n<\/span><\/p>\n<p><span style=\"font-size: 16px; line-height: 22px;\" data-fusion-font=\"true\"><b>Wir w\u00fcnschen viel Spa\u00df beim Arbeiten mit der Version 30.<\/b><\/span><\/p>\n<p><span style=\"font-weight: var(--body_typography-font-weight);\">Bei Fragen rufen Sie uns bitte an oder senden eine E-Mail an <a href=\"mailto:support@cadwork.de\"><u><span style=\"color: #1f3c90;\">support@cadwork.de.<\/span><\/u><\/a><\/span><\/div><\/div><\/div><\/div><div class=\"fusion-layout-column fusion_builder_column fusion-builder-column-5 fusion_builder_column_2_5 2_5 fusion-flex-column\" style=\"--awb-padding-top:2px;--awb-padding-left:14px;--awb-bg-size:cover;--awb-width-large:40%;--awb-margin-top-large:0px;--awb-spacing-right-large:6.24%;--awb-margin-bottom-large:0px;--awb-spacing-left-large:0%;--awb-width-medium:40%;--awb-order-medium:0;--awb-spacing-right-medium:6.24%;--awb-spacing-left-medium:0%;--awb-width-small:100%;--awb-order-small:0;--awb-spacing-right-small:1.92%;--awb-spacing-left-small:1.92%;\"><div class=\"fusion-column-wrapper fusion-column-has-shadow fusion-flex-justify-content-flex-start fusion-content-layout-column\"><div class=\"fusion-image-element \" style=\"text-align:center;--awb-max-width:4px;--awb-caption-title-font-family:var(--h2_typography-font-family);--awb-caption-title-font-weight:var(--h2_typography-font-weight);--awb-caption-title-font-style:var(--h2_typography-font-style);--awb-caption-title-size:var(--h2_typography-font-size);--awb-caption-title-transform:var(--h2_typography-text-transform);--awb-caption-title-line-height:var(--h2_typography-line-height);--awb-caption-title-letter-spacing:var(--h2_typography-letter-spacing);\"><span class=\" fusion-imageframe imageframe-dropshadow imageframe-1 hover-type-none\" style=\"-webkit-box-shadow: 3px 3px 7px rgba(0,0,0,0.3);box-shadow: 3px 3px 7px rgba(0,0,0,0.3);\"><img decoding=\"async\" width=\"600\" height=\"439\" title=\"startup_v30\" src=\"https:\/\/cadwork.de\/wp-content\/uploads\/2023\/04\/startup_v30.png\" alt class=\"img-responsive wp-image-12264\" srcset=\"https:\/\/cadwork.de\/wp-content\/uploads\/2023\/04\/startup_v30-200x146.png 200w, https:\/\/cadwork.de\/wp-content\/uploads\/2023\/04\/startup_v30-400x293.png 400w, https:\/\/cadwork.de\/wp-content\/uploads\/2023\/04\/startup_v30.png 600w\" sizes=\"(max-width: 640px) 100vw, 600px\" \/><\/span><\/div><\/div><\/div><div class=\"fusion-layout-column fusion_builder_column fusion-builder-column-6 fusion_builder_column_1_3 1_3 fusion-flex-column fusion-flex-align-self-flex-start\" style=\"--awb-padding-top:5%;--awb-padding-right:5%;--awb-padding-bottom:5%;--awb-padding-left:5%;--awb-bg-size:cover;--awb-width-large:33.333333333333%;--awb-margin-top-large:0px;--awb-spacing-right-large:0px;--awb-margin-bottom-large:0px;--awb-spacing-left-large:0px;--awb-width-medium:33.333333333333%;--awb-order-medium:0;--awb-spacing-right-medium:0px;--awb-spacing-left-medium:0px;--awb-width-small:100%;--awb-order-small:0;--awb-spacing-right-small:1.92%;--awb-spacing-left-small:1.92%;\"><div class=\"fusion-column-wrapper fusion-column-has-shadow fusion-flex-justify-content-center fusion-content-layout-row\"><div ><a class=\"fusion-button button-flat fusion-button-default-size button-custom fusion-button-default button-2 fusion-button-default-span fusion-button-default-type fusion-has-button-gradient\" style=\"--button_accent_color:#ffffff;--button_accent_hover_color:#ffffff;--button_border_hover_color:#ffffff;--button_gradient_top_color:#1f3c90;--button_gradient_bottom_color:#0d2b87;--button_gradient_top_color_hover:#1f3c90;--button_gradient_bottom_color_hover:#1f3c90;\" target=\"_self\" href=\"https:\/\/cadwork.de\/wp-content\/uploads\/2023\/06\/Anleitung-Codedownload.pdf\"><span class=\"fusion-button-text awb-button__text awb-button__text--default\">Anleitung Codedownload<\/span><\/a><\/div><\/div><\/div><div class=\"fusion-layout-column fusion_builder_column fusion-builder-column-7 fusion_builder_column_1_3 1_3 fusion-flex-column fusion-flex-align-self-flex-start\" style=\"--awb-padding-top:5%;--awb-padding-right:5%;--awb-padding-bottom:5%;--awb-padding-left:5%;--awb-bg-size:cover;--awb-width-large:33.333333333333%;--awb-margin-top-large:0px;--awb-spacing-right-large:0px;--awb-margin-bottom-large:0px;--awb-spacing-left-large:0px;--awb-width-medium:33.333333333333%;--awb-order-medium:0;--awb-spacing-right-medium:0px;--awb-spacing-left-medium:0px;--awb-width-small:100%;--awb-order-small:0;--awb-spacing-right-small:1.92%;--awb-spacing-left-small:1.92%;\"><div class=\"fusion-column-wrapper fusion-column-has-shadow fusion-flex-justify-content-center fusion-content-layout-row\"><div ><a class=\"fusion-button button-flat fusion-button-default-size button-default fusion-button-default button-3 fusion-button-default-span fusion-button-default-type\" target=\"_self\" href=\"https:\/\/cadwork.de\/wp-content\/uploads\/2023\/06\/Installationsanleitung_V30_de.pdf\"><span class=\"fusion-button-text awb-button__text awb-button__text--default\">Installationsanleitung<\/span><\/a><\/div><\/div><\/div><div class=\"fusion-layout-column fusion_builder_column fusion-builder-column-8 fusion_builder_column_1_3 1_3 fusion-flex-column fusion-flex-align-self-flex-start\" style=\"--awb-padding-top:5%;--awb-padding-right:5%;--awb-padding-bottom:5%;--awb-padding-left:5%;--awb-bg-size:cover;--awb-box-shadow: 0px 0px ;;--awb-width-large:33.333333333333%;--awb-margin-top-large:0px;--awb-spacing-right-large:0px;--awb-margin-bottom-large:0px;--awb-spacing-left-large:0px;--awb-width-medium:33.333333333333%;--awb-order-medium:0;--awb-spacing-right-medium:0px;--awb-spacing-left-medium:0px;--awb-width-small:100%;--awb-order-small:0;--awb-spacing-right-small:1.92%;--awb-spacing-left-small:1.92%;\"><div class=\"fusion-column-wrapper fusion-column-has-shadow fusion-flex-justify-content-center fusion-content-layout-row\"><div ><a class=\"fusion-button button-flat fusion-button-default-size button-default fusion-button-default button-4 fusion-button-default-span fusion-button-default-type\" target=\"_self\" href=\"https:\/\/cadwork.de\/wp-content\/uploads\/2023\/06\/Systemanforderungen_DE_V30.pdf\"><span class=\"fusion-button-text awb-button__text awb-button__text--default\">Systemanforderungen<\/span><\/a><\/div><\/div><\/div><\/div><\/div><div class=\"fusion-fullwidth fullwidth-box fusion-builder-row-3 fusion-flex-container nonhundred-percent-fullwidth non-hundred-percent-height-scrolling\" style=\"--awb-border-radius-top-left:0px;--awb-border-radius-top-right:0px;--awb-border-radius-bottom-right:0px;--awb-border-radius-bottom-left:0px;--awb-flex-wrap:wrap;\" ><div class=\"fusion-builder-row fusion-row fusion-flex-align-items-flex-start fusion-flex-content-wrap\" style=\"max-width:1248px;margin-left: calc(-4% \/ 2 );margin-right: calc(-4% \/ 2 );\"><\/div><\/div><\/p>\n","protected":false},"excerpt":{"rendered":"","protected":false},"author":37,"featured_media":0,"parent":0,"menu_order":0,"comment_status":"closed","ping_status":"closed","template":"100-width.php","meta":{"_price":"","_stock":"","_tribe_ticket_header":"","_tribe_default_ticket_provider":"","_tribe_ticket_capacity":"0","_ticket_start_date":"","_ticket_end_date":"","_tribe_ticket_show_description":"","_tribe_ticket_show_not_going":false,"_tribe_ticket_use_global_stock":"","_tribe_ticket_global_stock_level":"","_global_stock_mode":"","_global_stock_cap":"","_tribe_rsvp_for_event":"","_tribe_ticket_going_count":"","_tribe_ticket_not_going_count":"","_tribe_tickets_list":[],"_tribe_ticket_has_attendee_info_fields":false,"footnotes":"","_expiration-date-status":"","_expiration-date":0,"_expiration-date-type":"","_expiration-date-categories":[],"_expiration-date-options":[]},"class_list":["post-12949","page","type-page","status-publish","hentry"],"acf":[],"_links":{"self":[{"href":"https:\/\/cadwork.de\/ru\/wp-json\/wp\/v2\/pages\/12949","targetHints":{"allow":["GET"]}}],"collection":[{"href":"https:\/\/cadwork.de\/ru\/wp-json\/wp\/v2\/pages"}],"about":[{"href":"https:\/\/cadwork.de\/ru\/wp-json\/wp\/v2\/types\/page"}],"author":[{"embeddable":true,"href":"https:\/\/cadwork.de\/ru\/wp-json\/wp\/v2\/users\/37"}],"replies":[{"embeddable":true,"href":"https:\/\/cadwork.de\/ru\/wp-json\/wp\/v2\/comments?post=12949"}],"version-history":[{"count":23,"href":"https:\/\/cadwork.de\/ru\/wp-json\/wp\/v2\/pages\/12949\/revisions"}],"predecessor-version":[{"id":12982,"href":"https:\/\/cadwork.de\/ru\/wp-json\/wp\/v2\/pages\/12949\/revisions\/12982"}],"wp:attachment":[{"href":"https:\/\/cadwork.de\/ru\/wp-json\/wp\/v2\/media?parent=12949"}],"curies":[{"name":"wp","href":"https:\/\/api.w.org\/{rel}","templated":true}]}}